{"id":89,"date":"2014-02-26T15:15:13","date_gmt":"2014-02-26T14:15:13","guid":{"rendered":"http:\/\/new.nehru-schule.de\/wordpress\/?page_id=89"},"modified":"2023-04-25T11:22:13","modified_gmt":"2023-04-25T10:22:13","slug":"impressum","status":"publish","type":"page","link":"http:\/\/new.nehru-schule.de\/?page_id=89","title":{"rendered":"Impressum \/ Datenschutz"},"content":{"rendered":"<table id=\"AutoNumber1\" style=\"width: 72.0598%; height: 1165px;\" border=\"0\" cellspacing=\"0\" cellpadding=\"0\">\n<tbody>\n<tr style=\"height: 89px;\">\n<td style=\"height: 89px;\" width=\"100%\">\n<p align=\"center\"><span style=\"color: #000000;\"><b><span style=\"font-family: Arial;\"> Kontakt&nbsp;<\/span><\/b> <\/span><\/p>\n<\/td>\n<\/tr>\n<tr style=\"height: 37px;\">\n<td style=\"height: 37px;\" width=\"100%\">&nbsp;<\/td>\n<\/tr>\n<tr style=\"height: 1109px;\">\n<td style=\"height: 1039px;\" width=\"50%\">\n<p align=\"center\"><span style=\"font-family: Arial; font-size: small;\"> Jawaharlal Nehru Schule<br>Regionale Schule<br>Tiergartenstra\u00dfe 32<br>17235 Neustrelitz<br>Telefon 03981- 453 44 00<span style=\"color: #ddffdd;\"><br><\/span><\/span><\/p>\n<p align=\"center\"><span style=\"font-family: Arial; font-size: small;\">Schulleitung<br>Carmen H\u00fcbner, Schulleiter<br>E. Heintz, Stellvertretende Schulleiterin<br><\/span><\/p>\n<p align=\"center\"><span style=\"font-family: Arial; font-size: small;\">Die E-Mail Adresse unserer Schule: &nbsp;<a class=\"mailto-link\" href=\"mailto:Nehru@neustrelitz.de\" target=\"_blank\" rel=\"noopener\">Nehru@neustrelitz.de<\/a><br><\/span><\/p>\n<p align=\"center\"><span style=\"font-family: Arial; font-size: small;\">Alle Inhalte sind sorgf\u00e4ltig von uns gepr\u00fcft und bearbeitet. Ist uns trotzdem ein Fehler untergekommen oder sollte einer unserer Links gesetzeswidrige Inhalte wiedergeben, bitten wir um Nachricht, damit wir eine sofortige \u00c4nderung vornehmen k\u00f6nnen.&nbsp;<\/span><\/p>\n<p align=\"center\"><span style=\"font-family: Arial; font-size: small;\">Diese Schulwebsite verfolgt keine kommerziellen Interessen. Sie dient der Information sowie ist Gegenstand der Ausbildung.<\/span><\/p>\n<p align=\"center\"><b><span style=\"font-family: Arial; font-size: small;\"> Distanzierungserkl\u00e4rung:&nbsp;<\/span><\/b><\/p>\n<p align=\"center\"><span style=\"font-family: Arial; font-size: small;\">Mit dem Urteil vom 12. Mai 1998 hat das Landgericht in Hamburg entschieden, dass man durch die Ausbringung eines Links die Inhalte der gelinkten Seite ggf. mit zu verantworten hat. Dies kann, so dass LG, nur dadurch verhindert werden, indem man sich ausdr\u00fccklich von diesen Inhalten distanziert. Wir haben auf unseren Seiten Links zu anderen Seiten im Internet gelegt. F\u00fcr alle Links gilt:<br>Als Webmaster dieser Homepage erkl\u00e4ren wir ausdr\u00fccklich, dass wir keinerlei Einfluss auf die Gestaltung und die Inhalte der gelinkten Seiten haben. Deshalb distanzieren wir uns hiermit von allen Inhalten aller gelinkten Seiten auf unserer Website und machen uns diese Inhalte nicht zu Eigen. Diese Erkl\u00e4rung gilt f\u00fcr alle auf unseren Webseiten angezeigten Links und f\u00fcr alle Inhalte der Seiten, zu denen die Links f\u00fchren.<br><\/span><\/p>\n<p align=\"center\"><span style=\"font-family: Arial; font-size: small;\">F\u00fcr das G\u00e4stebuch gelten ebenso die Regeln f\u00fcr gute Sitten, Anstand und Rechtsstaatlichkeit. Mit Betreten dieser Seite erkl\u00e4rt sich der Besucher damit einverstanden.<\/span><\/p>\n<p align=\"center\"><span style=\"font-family: Arial; font-size: small;\">Bei Problemen wenden Sie sich bitte an die Schule.<\/span><\/p>\n<\/td>\n<\/tr>\n<\/tbody>\n<\/table>\n\n\n<h2 style=\"text-align: left;\"><span style=\"color: #000000;\">Hier befindet sich unsere <a style=\"color: #000000;\" href=\"http:\/\/new.nehru-schule.de\/wordpress\/wp-content\/uploads\/2020\/04\/Datenschutzerkl\u00e4rung.pdf\">Datenschutzerkl\u00e4rung.<\/a><\/span><\/h2>\n","protected":false},"excerpt":{"rendered":"<p>Kontakt&nbsp; &nbsp; Jawaharlal Nehru SchuleRegionale SchuleTiergartenstra\u00dfe 3217235 NeustrelitzTelefon 03981- 453 44 00 SchulleitungCarmen H\u00fcbner, SchulleiterE. Heintz, Stellvertretende Schulleiterin Die E-Mail Adresse unserer Schule: &nbsp;Nehru@neustrelitz.de Alle Inhalte sind sorgf\u00e4ltig von uns gepr\u00fcft und bearbeitet. Ist uns trotzdem ein Fehler untergekommen oder &hellip; <a href=\"http:\/\/new.nehru-schule.de\/?page_id=89\">Weiterlesen <span class=\"meta-nav\">&rarr;<\/span><\/a><\/p>\n","protected":false},"author":1,"featured_media":0,"parent":0,"menu_order":6,"comment_status":"open","ping_status":"open","template":"","meta":{"ngg_post_thumbnail":0,"footnotes":""},"class_list":["post-89","page","type-page","status-publish","hentry"],"_links":{"self":[{"href":"http:\/\/new.nehru-schule.de\/index.php?rest_route=\/wp\/v2\/pages\/89","targetHints":{"allow":["GET"]}}],"collection":[{"href":"http:\/\/new.nehru-schule.de\/index.php?rest_route=\/wp\/v2\/pages"}],"about":[{"href":"http:\/\/new.nehru-schule.de\/index.php?rest_route=\/wp\/v2\/types\/page"}],"author":[{"embeddable":true,"href":"http:\/\/new.nehru-schule.de\/index.php?rest_route=\/wp\/v2\/users\/1"}],"replies":[{"embeddable":true,"href":"http:\/\/new.nehru-schule.de\/index.php?rest_route=%2Fwp%2Fv2%2Fcomments&post=89"}],"version-history":[{"count":0,"href":"http:\/\/new.nehru-schule.de\/index.php?rest_route=\/wp\/v2\/pages\/89\/revisions"}],"wp:attachment":[{"href":"http:\/\/new.nehru-schule.de\/index.php?rest_route=%2Fwp%2Fv2%2Fmedia&parent=89"}],"curies":[{"name":"wp","href":"https:\/\/api.w.org\/{rel}","templated":true}]}}