{"id":85,"date":"2014-02-26T15:15:03","date_gmt":"2014-02-26T14:15:03","guid":{"rendered":"http:\/\/new.nehru-schule.de\/wordpress\/?page_id=85"},"modified":"2017-09-11T18:40:19","modified_gmt":"2017-09-11T17:40:19","slug":"boltzplatzregeln","status":"publish","type":"page","link":"http:\/\/new.nehru-schule.de\/?page_id=85","title":{"rendered":"Bolzplatzregeln"},"content":{"rendered":"<p>Auf dem Bolzplatz halten sich nur Sch\u00fcler der Klassen auf, die laut Bolzplatzregeln in der Pause Fu\u00dfball spielen d\u00fcrfen.<\/p>\n<p>Auf dem Platz sind maximal 12 Spieler.<\/p>\n<p>Zuschauer sollten Abstand halten, um von B\u00e4llen nicht getroffen zu werden.<\/p>\n<p>Keine Speisen und Getr\u00e4nke mit auf den Platz nehmen.<\/p>\n<p>Auf dem angrenzenden Parkplatz wird nicht gespielt, dazu ist auf der anderen Seite des&nbsp;&nbsp;&nbsp; Bolzplatzes genug Platz.<\/p>\n<p>Wir spielen stets fair und besch\u00e4digen nicht die Anlage.<\/p>\n<p>&nbsp;<\/p>\n<p><strong>Bolzplatzplan&nbsp;2017\/18<br \/>\n<\/strong><\/p>\n<p>&nbsp;<\/p>\n<table style=\"height: 239px;\" width=\"744\">\n<tbody>\n<tr>\n<td style=\"width: 111px; text-align: left;\" width=\"111\">&nbsp;<\/td>\n<td style=\"width: 111px; text-align: left;\" width=\"93\">&nbsp;Montag<\/td>\n<td style=\"width: 111px; text-align: left;\" width=\"102\">Dienstag<\/td>\n<td style=\"width: 111px; text-align: left;\" width=\"102\">Mittwoch<\/td>\n<td style=\"width: 111px; text-align: left;\" width=\"102\">Donnerstag<\/td>\n<td style=\"width: 111px; text-align: left;\" width=\"102\">Freitag<\/td>\n<\/tr>\n<tr>\n<td style=\"width: 111px; text-align: left;\" width=\"111\">9.05-9.20Uhr<\/td>\n<td style=\"width: 111px; text-align: left;\" width=\"93\">&nbsp;6a-6c<\/td>\n<td style=\"width: 111px; text-align: left;\" width=\"102\">6b-7a-7b<\/td>\n<td style=\"width: 111px; text-align: left;\" width=\"102\">5c-5m<\/td>\n<td style=\"width: 111px; text-align: left;\" width=\"102\">5b-5m<\/td>\n<td style=\"width: 111px; text-align: left;\" width=\"102\">5a-5c<\/td>\n<\/tr>\n<tr>\n<td style=\"width: 111px; text-align: left;\" width=\"111\"><span style=\"font-size: 10pt;\">12.00-12.25Uhr<\/span><\/td>\n<td style=\"width: 111px; text-align: left;\" width=\"93\">&nbsp;5a-5b<\/td>\n<td style=\"width: 111px; text-align: left;\" width=\"102\">6a-5m<\/td>\n<td style=\"width: 111px; text-align: left;\" width=\"102\">6a-7a-7b<\/td>\n<td style=\"width: 111px; text-align: left;\" width=\"102\">6b-6c<\/td>\n<td style=\"width: 111px; text-align: left;\" width=\"102\">6c-7a-7b<\/td>\n<\/tr>\n<tr>\n<td style=\"width: 111px; text-align: left;\" width=\"111\"><span style=\"font-size: 10pt;\">13.15-13.40Uhr<\/span><\/td>\n<td style=\"width: 111px; text-align: left;\" width=\"93\">&nbsp;5c-6b<\/td>\n<td style=\"width: 111px; text-align: left;\" width=\"102\">5a-5b<\/td>\n<td style=\"width: 111px; text-align: left;\" width=\"102\">&#8212;&#8212;&#8212;&#8211;<\/td>\n<td style=\"width: 111px; text-align: left;\" width=\"102\">&#8212;&#8212;&#8212;&#8211;<\/td>\n<td style=\"width: 111px; text-align: left;\" width=\"102\">&#8212;&#8212;&#8212;-<\/td>\n<\/tr>\n<\/tbody>\n<\/table>\n<p>&nbsp;<\/p>\n<p>&nbsp;<\/p>\n","protected":false},"excerpt":{"rendered":"<p>Auf dem Bolzplatz halten sich nur Sch\u00fcler der Klassen auf, die laut Bolzplatzregeln in der Pause Fu\u00dfball spielen d\u00fcrfen. Auf dem Platz sind maximal 12 Spieler. Zuschauer sollten Abstand halten, um von B\u00e4llen nicht getroffen zu werden. Keine Speisen und &hellip; <a href=\"http:\/\/new.nehru-schule.de\/?page_id=85\">Weiterlesen <span class=\"meta-nav\">&rarr;<\/span><\/a><\/p>\n","protected":false},"author":1,"featured_media":0,"parent":64,"menu_order":4,"comment_status":"open","ping_status":"closed","template":"","meta":{"ngg_post_thumbnail":0,"footnotes":""},"class_list":["post-85","page","type-page","status-publish","hentry"],"_links":{"self":[{"href":"http:\/\/new.nehru-schule.de\/index.php?rest_route=\/wp\/v2\/pages\/85","targetHints":{"allow":["GET"]}}],"collection":[{"href":"http:\/\/new.nehru-schule.de\/index.php?rest_route=\/wp\/v2\/pages"}],"about":[{"href":"http:\/\/new.nehru-schule.de\/index.php?rest_route=\/wp\/v2\/types\/page"}],"author":[{"embeddable":true,"href":"http:\/\/new.nehru-schule.de\/index.php?rest_route=\/wp\/v2\/users\/1"}],"replies":[{"embeddable":true,"href":"http:\/\/new.nehru-schule.de\/index.php?rest_route=%2Fwp%2Fv2%2Fcomments&post=85"}],"version-history":[{"count":0,"href":"http:\/\/new.nehru-schule.de\/index.php?rest_route=\/wp\/v2\/pages\/85\/revisions"}],"up":[{"embeddable":true,"href":"http:\/\/new.nehru-schule.de\/index.php?rest_route=\/wp\/v2\/pages\/64"}],"wp:attachment":[{"href":"http:\/\/new.nehru-schule.de\/index.php?rest_route=%2Fwp%2Fv2%2Fmedia&parent=85"}],"curies":[{"name":"wp","href":"https:\/\/api.w.org\/{rel}","templated":true}]}}