{"id":76,"date":"2014-02-26T14:44:43","date_gmt":"2014-02-26T13:44:43","guid":{"rendered":"http:\/\/new.nehru-schule.de\/wordpress\/?page_id=76"},"modified":"2022-12-15T21:13:45","modified_gmt":"2022-12-15T20:13:45","slug":"links","status":"publish","type":"page","link":"http:\/\/new.nehru-schule.de\/?page_id=76","title":{"rendered":"Links (Partner, Bewerbung,&#8230;&#8230;.)"},"content":{"rendered":"<p><span style=\"font-family: Arial; font-size: small;\">Die im Folgenden aufgef\u00fchrten Links f\u00fchren zu fremden Inhalten, die wir nicht alle pr\u00fcfen konnten und f\u00fcr die wir keine Verantwortung \u00fcbernehmen.<\/span><\/p>\n<table id=\"AutoNumber2\" class=\" aligncenter\" style=\"width: 96.48%; height: 902px;\" border=\"0\" cellspacing=\"0\" cellpadding=\"7\" bgcolor=\"#ffffff\">\n<tbody>\n<tr style=\"height: 64px;\">\n<td style=\"width: 399.3px; height: 64px;\" bgcolor=\"#ffffff\" height=\"85\">\n<p align=\"center\"><span style=\"color: #000000;\"><a style=\"color: #000000;\" href=\"http:\/\/www.arbeitsagentur.de\/\">Bundesagentur&nbsp;&nbsp; f\u00fcr Arbeit<\/a><\/span><\/p>\n<\/td>\n<td style=\"width: 142.7px; height: 64px;\" align=\"center\" bgcolor=\"#ffffff\" height=\"85\"><span style=\"font-family: Arial; font-size: small;\">&nbsp;<\/span><\/td>\n<\/tr>\n<tr style=\"height: 78px;\">\n<td style=\"width: 399.3px; height: 78px;\" bgcolor=\"#ffffff\" height=\"85\">\n<p style=\"text-align: center;\" align=\"center\"><a id=\"LPlnk123809\" class=\"OWAAutoLink\" href=\"http:\/\/www.leea-mv.de\" target=\"_blank\" rel=\"noopener noreferrer\"> <span style=\"font-family: Arial,Helvetica,sans-serif; font-size: small;\"><span style=\"font-family: Calibri,Arial,Helvetica,sans-serif; font-size: medium;\">Landeszentrum f\u00fcr erneuerbare Energien Mecklenburg &#8211; Vorpommern GmbH<\/span><\/span><\/a><\/p>\n<\/td>\n<td style=\"width: 142.7px; height: 78px;\" align=\"center\" bgcolor=\"#ffffff\" height=\"85\">&nbsp;<\/td>\n<\/tr>\n<tr style=\"height: 70px;\">\n<td style=\"width: 399.3px; height: 70px;\" bgcolor=\"#ffffff\" height=\"88\">\n<p align=\"center\"><a href=\"http:\/\/www.planet-beruf.de\/\"><span style=\"text-decoration: underline;\"><span style=\"font-family: Arial;\">planet-beruf.de<\/span><\/span><\/a><\/p>\n<\/td>\n<td style=\"width: 142.7px; height: 70px;\" align=\"center\" bgcolor=\"#ffffff\" height=\"88\"><span style=\"font-family: Arial; font-size: small;\">&nbsp; <\/span><\/td>\n<\/tr>\n<tr style=\"height: 65px;\">\n<td style=\"width: 399.3px; height: 65px;\" bgcolor=\"#ffffff\" height=\"65\">\n<p align=\"center\"><span style=\"font-family: Arial; font-size: small;\"><span style=\"color: #000000;\"><a style=\"color: #000000;\" href=\"http:\/\/www.ups-schulen.de\/\">Eine \u00dcbersicht der UNESCO-Projekt Schulen findet ihr hier:<\/a>&nbsp;&nbsp;&nbsp;&nbsp;<\/span>&nbsp; <\/span><\/p>\n<\/td>\n<td style=\"width: 142.7px; height: 65px;\" align=\"center\" bgcolor=\"#ffffff\" height=\"65\">&nbsp;<\/td>\n<\/tr>\n<tr style=\"height: 88px;\">\n<td style=\"width: 399.3px; height: 88px;\" bgcolor=\"#ffffff\" height=\"117\">\n<p align=\"center\"><a href=\"http:\/\/www.neustrelitz.de\/home\"><span style=\"text-decoration: underline;\"><span style=\"font-family: Arial;\">Stadt Neustrelitz<\/span><\/span><\/a><\/p>\n<\/td>\n<td style=\"width: 142.7px; height: 88px;\" align=\"center\" bgcolor=\"#ffffff\" height=\"117\"><span style=\"font-family: Arial; font-size: small;\">&nbsp;&nbsp;&nbsp;&nbsp;&nbsp; <\/span><\/td>\n<\/tr>\n<tr style=\"height: 93px;\">\n<td style=\"width: 399.3px; height: 93px;\" bgcolor=\"#ffffff\" height=\"39\">\n<p align=\"center\"><a href=\"http:\/\/www.lk-mecklenburgische-seenplatte.de\/\"><span style=\"text-decoration: underline;\"><span style=\"font-family: Arial;\">Landkreis Mecklenburger-Seenplatte<\/span><\/span><\/a><\/p>\n<\/td>\n<td style=\"width: 142.7px; height: 93px;\" align=\"center\" bgcolor=\"#ffffff\" height=\"39\">\n<p align=\"left\">&nbsp;&nbsp;&nbsp;&nbsp;&nbsp;&nbsp;&nbsp;&nbsp;&nbsp;&nbsp;&nbsp;&nbsp;&nbsp;&nbsp;&nbsp; &nbsp;<a href=\"http:\/\/www.ups-schulen.de\" target=\"_blank\" rel=\"noopener noreferrer\">&nbsp;<\/a><\/p>\n<p align=\"center\">&nbsp;<\/p>\n<\/td>\n<\/tr>\n<tr style=\"height: 106px;\">\n<td style=\"text-align: center; width: 399.3px; height: 106px;\" bgcolor=\"#ffffff\" height=\"133\">&nbsp;&nbsp;&nbsp;&nbsp;&nbsp;&nbsp;&nbsp;&nbsp; &nbsp;&nbsp;&nbsp;<a href=\"http:\/\/www.indischebotschaft.de\/\" target=\"_blank\" rel=\"noopener noreferrer\"><span style=\"font-family: Arial; font-size: medium;\">Indische Botschaft in Berlin<\/span><\/a><\/td>\n<td style=\"width: 142.7px; height: 106px;\" align=\"center\" bgcolor=\"#ffffff\" height=\"133\">&nbsp;<\/td>\n<\/tr>\n<tr style=\"height: 10px;\">\n<td style=\"width: 399.3px; height: 10px;\" bgcolor=\"#ffffff\" height=\"89\"><span style=\"font-family: Arial;\">&nbsp;&nbsp;&nbsp;&nbsp;&nbsp;&nbsp;&nbsp;&nbsp;&nbsp;&nbsp;&nbsp;<span style=\"font-family: Arial;\">&nbsp;<\/span><\/span>&nbsp;<\/p>\n<p style=\"text-align: center;\"><span style=\"font-family: Arial;\"><a href=\"http:\/\/www.fragfinn.de\/kinderliste.html\"><span style=\"text-decoration: underline;\">fragFINN<\/span><\/a><\/span><\/p>\n<\/td>\n<td style=\"width: 142.7px; height: 10px;\" align=\"center\" bgcolor=\"#ffffff\" height=\"89\">&nbsp;<\/td>\n<\/tr>\n<tr style=\"height: 103px;\">\n<td style=\"width: 399.3px; height: 103px;\" bgcolor=\"#ffffff\" height=\"89\"><span style=\"font-family: Arial;\">&nbsp;<\/span>&nbsp;<\/p>\n<p style=\"text-align: center;\"><span style=\"color: #000000;\"><a style=\"color: #000000;\" href=\"http:\/\/www.stellenanzeigen.de\/bewerbung\/bewerbungstipps\/\">Bewerbungstipps <\/a><\/span><\/p>\n<\/td>\n<td style=\"width: 142.7px; height: 103px;\" align=\"center\" bgcolor=\"#ffffff\" height=\"89\">&nbsp;<\/td>\n<\/tr>\n<tr style=\"height: 89px;\">\n<td style=\"text-align: center; width: 399.3px; height: 89px;\" bgcolor=\"#ffffff\" height=\"89\"><span style=\"font-family: Arial;\"><span style=\"color: #000000;\"><a style=\"color: #000000;\" href=\"https:\/\/www.aubi-plus.de\/extern\/1512\/suchmaschine\/\" target=\"_blank\" rel=\"noopener noreferrer\">Suchmaschine zur Ausbildungs- und Studienplatzsuche<\/a><\/span><\/span><\/td>\n<td style=\"width: 142.7px; height: 89px;\" align=\"center\" bgcolor=\"#ffffff\" height=\"89\"><img decoding=\"async\" class=\"logo\" src=\"https:\/\/www.aubi-plus.de\/assets\/img\/logo\/aubi_logo_60x60.png\" alt=\"\"><\/td>\n<\/tr>\n<tr style=\"height: 136px;\">\n<td style=\"text-align: center; width: 399.3px; height: 136px;\" bgcolor=\"#ffffff\" height=\"89\"><strong><span style=\"color: #000000;\"><a style=\"color: #000000;\" href=\"http:\/\/www.juse-mse.de\/\" target=\"_blank\" rel=\"noopener noreferrer\">JugendServiceMSE bringt weiter<\/a><\/span><\/strong><\/td>\n<td style=\"width: 142.7px; height: 136px;\" align=\"center\" bgcolor=\"#ffffff\" height=\"89\"><img loading=\"lazy\" decoding=\"async\" class=\"aligncenter\" title=\"Logo JugendServiceMSE\" src=\"http:\/\/www.juse-mse.de\/layout\/_default\/media\/logo_jugendservice-mse.png?__ts=1427979606\" alt=\"Logo JugendServiceMSE\" width=\"207\" height=\"32\"><\/td>\n<\/tr>\n<\/tbody>\n<\/table>\n<p style=\"text-align: center;\">&nbsp;<\/p>\n","protected":false},"excerpt":{"rendered":"<p>Die im Folgenden aufgef\u00fchrten Links f\u00fchren zu fremden Inhalten, die wir nicht alle pr\u00fcfen konnten und f\u00fcr die wir keine Verantwortung \u00fcbernehmen. Bundesagentur&nbsp;&nbsp; f\u00fcr Arbeit &nbsp; Landeszentrum f\u00fcr erneuerbare Energien Mecklenburg &#8211; Vorpommern GmbH &nbsp; planet-beruf.de &nbsp; Eine \u00dcbersicht der &hellip; <a href=\"http:\/\/new.nehru-schule.de\/?page_id=76\">Weiterlesen <span class=\"meta-nav\">&rarr;<\/span><\/a><\/p>\n","protected":false},"author":1,"featured_media":0,"parent":44,"menu_order":0,"comment_status":"open","ping_status":"open","template":"","meta":{"ngg_post_thumbnail":0,"footnotes":""},"class_list":["post-76","page","type-page","status-publish","hentry"],"_links":{"self":[{"href":"http:\/\/new.nehru-schule.de\/index.php?rest_route=\/wp\/v2\/pages\/76","targetHints":{"allow":["GET"]}}],"collection":[{"href":"http:\/\/new.nehru-schule.de\/index.php?rest_route=\/wp\/v2\/pages"}],"about":[{"href":"http:\/\/new.nehru-schule.de\/index.php?rest_route=\/wp\/v2\/types\/page"}],"author":[{"embeddable":true,"href":"http:\/\/new.nehru-schule.de\/index.php?rest_route=\/wp\/v2\/users\/1"}],"replies":[{"embeddable":true,"href":"http:\/\/new.nehru-schule.de\/index.php?rest_route=%2Fwp%2Fv2%2Fcomments&post=76"}],"version-history":[{"count":0,"href":"http:\/\/new.nehru-schule.de\/index.php?rest_route=\/wp\/v2\/pages\/76\/revisions"}],"up":[{"embeddable":true,"href":"http:\/\/new.nehru-schule.de\/index.php?rest_route=\/wp\/v2\/pages\/44"}],"wp:attachment":[{"href":"http:\/\/new.nehru-schule.de\/index.php?rest_route=%2Fwp%2Fv2%2Fmedia&parent=76"}],"curies":[{"name":"wp","href":"https:\/\/api.w.org\/{rel}","templated":true}]}}