{"id":5819,"date":"2020-06-05T20:37:02","date_gmt":"2020-06-05T19:37:02","guid":{"rendered":"http:\/\/new.nehru-schule.de\/?page_id=5819"},"modified":"2022-12-16T12:22:39","modified_gmt":"2022-12-16T11:22:39","slug":"speiseplan","status":"publish","type":"page","link":"http:\/\/new.nehru-schule.de\/?page_id=5819","title":{"rendered":"Essen"},"content":{"rendered":"\n<h3><span style=\"color: #0000ff;\"><strong><a style=\"color: #0000ff;\" href=\"https:\/\/www.caritas-im-norden.de\/kueche-neustrelitz\" target=\"_blank\" rel=\"noopener\">Hier geht es direkt zur Seite der Caritas, um den Essenplan einzusehen <\/a><\/strong><\/span><\/h3>\n\n\n\n<p><strong>Kenntlichmachung von Zusatzstoffen<\/strong><br>a mit Farbstoff<br>b mit Konservierungsstoff oder konserviert<br>c auch mit Nitritp\u00f6kelsalz mit Nitrat<br>d mit Antioxidationsmittel<br>e mit Geschmacksverst\u00e4rker<br>f geschwefelt<br>g geschw\u00e4rzt<br>h gewachst<br>i mit S\u00fc\u00dfungsmittel(n)<br>j mit Phosphat<\/p>\n<p><strong>Legende Allergene<\/strong><br>1. glutenhaltige Getreide(d. h. Weizen, Roggen, Gerste, Hafer, Dinkel, Kamut oder deren<br>Hybridst\u00e4mme) und daraus gewonnene Erzeugnisse<br>(1W\/Weizen, 1Ro\/Roggen, 1 Ge\/Gerste, 1 Ha\/Hafer, 1 Di\/Dinkel, 1Ka\/Kamut)<br>2. Krebstiere und daraus gewonnene Erzeugnisse<br>3. Eier und daraus gewonnene Erzeugnisse<br>4. Fische und daraus gewonnene Erzeugnisse<br>5. Erdn\u00fcsse und daraus gewonnene Erzeugnisse<br>6. Sojabohnen und daraus gewonnene Erzeugnisse<br>7. Milch und daraus gewonnene Erzeugnisse ( einschlie\u00dflich Laktose )<br>8. Schalenfr\u00fcchte, d. h. 8 Ma\/Mandeln, 8 Ha\/Haseln\u00fcsse, 8 Wa\/Waln\u00fcsse, 8 Ka\/Kaschun\u00fcsse, 8Pe\/Pekann\u00fcsse, 8Pa\/Paran\u00fcsse, 8 Pi\/Pistazien, 8 Ma\/Makadamian\u00fcsse und 8Qu\/Queenslandn\u00fcsse und daraus gewonnene Erzeugnisse<br>9. Sellerie und daraus gewonnene Erzeugnisse<br>10. Senf und daraus gewonnene Erzeugnisse<br>11. Sesamsamen und daraus gewonnene Erzeugnisse<br>12. Schwefeldioxid und Sulfite in Konzentration von mehr als 10mg\/kg oder 10mg\/l,<br>ausgedr\u00fcckt als SO2<br>13. Lupinen und daraus gewonnene Erzeugnisse<br>14. Weichtiere und daraus gewonnene Erzeugnisse<\/p>\n<p><strong>Weitere Regelungen<\/strong><br>k koffeinhaltig<br>l chininhaltig<br>H H\u00e4hnchenfleisch<br>S Schweinefleisch<br>R Rindfleisch<br>P Pute<\/p>\n","protected":false},"excerpt":{"rendered":"<p>Hier geht es direkt zur Seite der Caritas, um den Essenplan einzusehen Kenntlichmachung von Zusatzstoffena mit Farbstoffb mit Konservierungsstoff oder konserviertc auch mit Nitritp\u00f6kelsalz mit Nitratd mit Antioxidationsmittele mit Geschmacksverst\u00e4rkerf geschwefeltg geschw\u00e4rzth gewachsti mit S\u00fc\u00dfungsmittel(n)j mit Phosphat Legende Allergene1. glutenhaltige &hellip; <a href=\"http:\/\/new.nehru-schule.de\/?page_id=5819\">Weiterlesen <span class=\"meta-nav\">&rarr;<\/span><\/a><\/p>\n","protected":false},"author":35,"featured_media":20903,"parent":0,"menu_order":0,"comment_status":"closed","ping_status":"closed","template":"","meta":{"ngg_post_thumbnail":0,"footnotes":""},"class_list":["post-5819","page","type-page","status-publish","has-post-thumbnail","hentry"],"_links":{"self":[{"href":"http:\/\/new.nehru-schule.de\/index.php?rest_route=\/wp\/v2\/pages\/5819","targetHints":{"allow":["GET"]}}],"collection":[{"href":"http:\/\/new.nehru-schule.de\/index.php?rest_route=\/wp\/v2\/pages"}],"about":[{"href":"http:\/\/new.nehru-schule.de\/index.php?rest_route=\/wp\/v2\/types\/page"}],"author":[{"embeddable":true,"href":"http:\/\/new.nehru-schule.de\/index.php?rest_route=\/wp\/v2\/users\/35"}],"replies":[{"embeddable":true,"href":"http:\/\/new.nehru-schule.de\/index.php?rest_route=%2Fwp%2Fv2%2Fcomments&post=5819"}],"version-history":[{"count":0,"href":"http:\/\/new.nehru-schule.de\/index.php?rest_route=\/wp\/v2\/pages\/5819\/revisions"}],"wp:featuredmedia":[{"embeddable":true,"href":"http:\/\/new.nehru-schule.de\/index.php?rest_route=\/wp\/v2\/media\/20903"}],"wp:attachment":[{"href":"http:\/\/new.nehru-schule.de\/index.php?rest_route=%2Fwp%2Fv2%2Fmedia&parent=5819"}],"curies":[{"name":"wp","href":"https:\/\/api.w.org\/{rel}","templated":true}]}}