{"id":46,"date":"2014-02-25T21:59:52","date_gmt":"2014-02-25T20:59:52","guid":{"rendered":"http:\/\/new.nehru-schule.de\/wordpress\/?page_id=46"},"modified":"2025-12-08T11:37:43","modified_gmt":"2025-12-08T10:37:43","slug":"schulprogramm","status":"publish","type":"page","link":"http:\/\/new.nehru-schule.de\/?page_id=46","title":{"rendered":"Leitbild unserer Schule"},"content":{"rendered":"<h2><span style=\"color: #333300;\">\u201eWichtig ist, wer du tust und nicht, was du hast.\u201c<\/span><\/h2>\n<p>Deshalb steht die St\u00e4rkung des Einzelnen f\u00fcr die Gruppe im Vordergrund.<\/p>\n<ul>\n<li>Leistungsbereitschaft schafft Erfolg. Erfolg schafft Selbstvertrauen.<\/li>\n<li>Offenheit soll Toleranz schaffen.<\/li>\n<li>Ein respektvoller Umgang, Ehrlichkeit und Wohlbefinden schaffen Vertrauen und Freundschaft.&nbsp;<\/li>\n<li>Stark ist, wer sich selbst kennt und sich mit seinen St\u00e4rken und Schw\u00e4chen annimmt.<\/li>\n<\/ul>\n<p>Wir bereiten unsere Sch\u00fcler*innen auf ein Leben nach der Schule vor, indem ihnen eine solide Allgemeinbildung, anwendungsbereites Wissen, Kompetenzen und Grundwerte sowie eine umfangreiche Berufsorientierung vermittelt werden.<\/p>\n<p>Schule muss deshalb ein Ort des Lernens, des Erlebens, der Gleichwertigkeit und des sozialen Miteinanders in st\u00e4ndiger Ver\u00e4nderung sein.<\/p>\n<p>ZIELE:<\/p>\n<ul>\n<li>Pflege einer gesunden Schul- und Unterrichtsatmosph\u00e4re auf der Grundlage von Vertrauen und Respekt<\/li>\n<li>Ber\u00fccksichtigung unterschiedlicher Lern- und Leistungsunterschiede;<\/li>\n<li>Beachtung didaktischer und methodischer Grundprinzipien auf der Grundlage von Anschaulichkeit, Selbstst\u00e4ndigkeit, entdeckendem Lernen, individueller F\u00f6rderung des Einzelnen, Regionalit\u00e4t und Heimatbezug;<\/li>\n<li>Entwicklung der Selbst- und Fremdwahrnehmung und eines gesunden Selbstvertrauens;<\/li>\n<li>Digitale Medien: unterrichtliche Nutzung und au\u00dferschulischer Umgang<\/li>\n<li>Verbindliche fachbezogene und f\u00e4cher\u00fcbergreifende Abstimmungen in den Fachschaften und im Kollegium;<\/li>\n<li>St\u00e4ndige Qualit\u00e4tssicherung und Qualit\u00e4tsverbesserung auf der Grundlage eines Fortbildungskonzeptes f\u00fcr das Kollegium;<\/li>\n<li>Enge Zusammenarbeit mit den Eltern und au\u00dferschulischen Partnern<\/li>\n<\/ul>\n","protected":false},"excerpt":{"rendered":"<p>\u201eWichtig ist, wer du tust und nicht, was du hast.\u201c Deshalb steht die St\u00e4rkung des Einzelnen f\u00fcr die Gruppe im Vordergrund. Leistungsbereitschaft schafft Erfolg. Erfolg schafft Selbstvertrauen. Offenheit soll Toleranz schaffen. Ein respektvoller Umgang, Ehrlichkeit und Wohlbefinden schaffen Vertrauen und &hellip; <a href=\"http:\/\/new.nehru-schule.de\/?page_id=46\">Weiterlesen <span class=\"meta-nav\">&rarr;<\/span><\/a><\/p>\n","protected":false},"author":1,"featured_media":0,"parent":64,"menu_order":1,"comment_status":"open","ping_status":"open","template":"","meta":{"ngg_post_thumbnail":0,"footnotes":""},"class_list":["post-46","page","type-page","status-publish","hentry"],"_links":{"self":[{"href":"http:\/\/new.nehru-schule.de\/index.php?rest_route=\/wp\/v2\/pages\/46","targetHints":{"allow":["GET"]}}],"collection":[{"href":"http:\/\/new.nehru-schule.de\/index.php?rest_route=\/wp\/v2\/pages"}],"about":[{"href":"http:\/\/new.nehru-schule.de\/index.php?rest_route=\/wp\/v2\/types\/page"}],"author":[{"embeddable":true,"href":"http:\/\/new.nehru-schule.de\/index.php?rest_route=\/wp\/v2\/users\/1"}],"replies":[{"embeddable":true,"href":"http:\/\/new.nehru-schule.de\/index.php?rest_route=%2Fwp%2Fv2%2Fcomments&post=46"}],"version-history":[{"count":0,"href":"http:\/\/new.nehru-schule.de\/index.php?rest_route=\/wp\/v2\/pages\/46\/revisions"}],"up":[{"embeddable":true,"href":"http:\/\/new.nehru-schule.de\/index.php?rest_route=\/wp\/v2\/pages\/64"}],"wp:attachment":[{"href":"http:\/\/new.nehru-schule.de\/index.php?rest_route=%2Fwp%2Fv2%2Fmedia&parent=46"}],"curies":[{"name":"wp","href":"https:\/\/api.w.org\/{rel}","templated":true}]}}