{"id":44,"date":"2014-02-25T21:59:10","date_gmt":"2014-02-25T20:59:10","guid":{"rendered":"http:\/\/new.nehru-schule.de\/wordpress\/?page_id=44"},"modified":"2026-02-26T09:11:22","modified_gmt":"2026-02-26T08:11:22","slug":"formulare","status":"publish","type":"page","link":"http:\/\/new.nehru-schule.de\/?page_id=44","title":{"rendered":"Formulare"},"content":{"rendered":"\n\n<p><span style=\"color: #000000;\"><a style=\"color: #000000;\" href=\"http:\/\/new.nehru-schule.de\/wordpress\/wp-content\/uploads\/2014\/02\/Beurlaubung-vom-Unterricht.pdf\">Beurlaubung vom Unterricht<\/a><\/span><\/p>\n<p><span style=\"color: #000000;\"><a style=\"color: #000000;\" href=\"http:\/\/new.nehru-schule.de\/wordpress\/wp-content\/uploads\/2014\/02\/Antrag-kostenlose-Sch\u00fclerbef\u00f6rderung.pdf\">Antrag kostenlose Sch\u00fclerbef\u00f6rderung<\/a><\/span><\/p>\n<p><span style=\"color: #000000;\"><a style=\"color: #000000;\" href=\"http:\/\/new.nehru-schule.de\/wordpress\/wp-content\/uploads\/2014\/02\/Bereitschaftserkl\u00e4rung-zur-Mitgliedschaft-im-Schulf\u00f6rderverein.pdf\" rel=\"\">Bereitschaftserkl\u00e4rung-zur-Mitgliedschaft-im-Schulf\u00f6rderverein<\/a><\/span><\/p>\n<p><span style=\"color: #000000;\"><a style=\"color: #000000;\" title=\"Kriterien zur Nehru - Auszeichnung \" href=\"http:\/\/new.nehru-schule.de\/wordpress\/wp-content\/uploads\/2014\/10\/Kriterien-Nehru-Medaille-040309.pdf\">Kriterien zur Nehru &#8211; Auszeichnung<\/a><\/span><\/p>\n<p><a href=\"http:\/\/new.nehru-schule.de\/wordpress\/wp-content\/uploads\/2026\/02\/Antrag-auf-Aufnahme-in-die-musikalisch-orientierte-Klasse-neu.pdf\">Antrag auf Aufnahme in die musikalisch orientierte Klasse (neu)<\/a><\/p>\n\n","protected":false},"excerpt":{"rendered":"<p>Beurlaubung vom Unterricht Antrag kostenlose Sch\u00fclerbef\u00f6rderung Bereitschaftserkl\u00e4rung-zur-Mitgliedschaft-im-Schulf\u00f6rderverein Kriterien zur Nehru &#8211; Auszeichnung Antrag auf Aufnahme in die musikalisch orientierte Klasse (neu)<\/p>\n","protected":false},"author":1,"featured_media":0,"parent":0,"menu_order":3,"comment_status":"open","ping_status":"open","template":"","meta":{"ngg_post_thumbnail":0,"footnotes":""},"class_list":["post-44","page","type-page","status-publish","hentry"],"_links":{"self":[{"href":"http:\/\/new.nehru-schule.de\/index.php?rest_route=\/wp\/v2\/pages\/44","targetHints":{"allow":["GET"]}}],"collection":[{"href":"http:\/\/new.nehru-schule.de\/index.php?rest_route=\/wp\/v2\/pages"}],"about":[{"href":"http:\/\/new.nehru-schule.de\/index.php?rest_route=\/wp\/v2\/types\/page"}],"author":[{"embeddable":true,"href":"http:\/\/new.nehru-schule.de\/index.php?rest_route=\/wp\/v2\/users\/1"}],"replies":[{"embeddable":true,"href":"http:\/\/new.nehru-schule.de\/index.php?rest_route=%2Fwp%2Fv2%2Fcomments&post=44"}],"version-history":[{"count":0,"href":"http:\/\/new.nehru-schule.de\/index.php?rest_route=\/wp\/v2\/pages\/44\/revisions"}],"wp:attachment":[{"href":"http:\/\/new.nehru-schule.de\/index.php?rest_route=%2Fwp%2Fv2%2Fmedia&parent=44"}],"curies":[{"name":"wp","href":"https:\/\/api.w.org\/{rel}","templated":true}]}}