{"id":354,"date":"2014-10-30T14:53:49","date_gmt":"2014-10-30T13:53:49","guid":{"rendered":"http:\/\/new.nehru-schule.de\/wordpress\/?page_id=354"},"modified":"2020-06-05T20:47:36","modified_gmt":"2020-06-05T19:47:36","slug":"berufsorientierung","status":"publish","type":"page","link":"http:\/\/new.nehru-schule.de\/?page_id=354","title":{"rendered":"Berufsorientierung Konzept"},"content":{"rendered":"<p>Konzeption zur Berufsorientierung<\/p>\n<p>Die Berufsorientierung geh\u00f6rt zum Bildungs- und Erziehungsauftrag der Schule und ist Teil der schulischen Allgemeinbildung. Laut Schulgesetz wird die Zusammenarbeit zwischen Schule und Arbeitswelt durch den Gegenstandsbereich <a href=\"http:\/\/www.bildungsserver-mv.de\/cms-rahmenplan-cmd.aspx?Art=&amp;Klasse=&amp;Fach=awt\">Arbeit-Wirtschaft-Technik und Informatik<\/a>&nbsp; sowie gezielte berufsorientierende Ma\u00dfnahmen in allen F\u00e4chern gef\u00f6rdert. In hohem Ma\u00dfe realisieren dabei die Schulen in Zusammenarbeit mit der Bundesagentur f\u00fcr Arbeit und den Betrieben der Region eine dezentrale Berufsorientierung. In jeder Schule ist eine Lehrkraft f\u00fcr die Koordinierung der Aufgaben zur Berufsorientierung benannt. Die Schule entwickelt ein Konzept zur Berufsorientierung und schreibt dieses in ihrem Schulprogramm kontinuierlich fort. Die Berufsorientierung wird Bestandteil der Evaluation der schulischen Arbeit. <strong>In der<\/strong><strong> <a href=\"http:\/\/www.regierung-mv.de\/cms2\/Regierungsportal_prod\/Regierungsportal\/de\/bm\/Rechtsvorschriften\/Schule\/index.jsp?&amp;downloads=1\">Richtlinie des Bildungsministeriums zur Berufsorientierung an allgemein bildenden Schulen vom 5. Juli 2007 <\/a><\/strong><strong>sind sowohl die \u201eberufliche Fr\u00fchorientierung in den Jahrgangsstufen 5 bis 7\u201c als auch die \u201eBerufsorientierung ab der Jahrgangsstufe 8\u201c geregelt.<\/strong><\/p>\n<p>Die <strong>berufliche Fr\u00fchorientierung<\/strong> beginnt in der <strong>Jahrgangsstufe 5<\/strong>. Sie hat das Ziel, Sch\u00fclerinnen und Sch\u00fcler mit beruflichen T\u00e4tigkeiten bekannt zu machen und erste Anforderungen an das Berufsleben aufzuzeigen. Ma\u00dfnahmen der beruflichen Fr\u00fchorientierung f\u00fcr die Klassen 5 bis 7 sind:<\/p>\n<ul>\n<li>F\u00e4cher\u00fcbergreifende Abstimmung der BFO in entsprechenden Unterrichtsf\u00e4chern<\/li>\n<li>Aufgabenauswahl oder Aufgabenstellung unter Aspekten des Wirtschaftslebens<\/li>\n<li>\u00d6ffnung der Schule durch altersgerechte Veranstaltungen mit Partnern aus der Elternschaft<\/li>\n<li>GTS \u2013 Kurs mit Kooperationspartner DLR<\/li>\n<li>Projekte zur Luft \u2013 und Raumfahrt<\/li>\n<li>Teilnahme an schulischen und au\u00dferschulischen Wettbewerben<\/li>\n<\/ul>\n<p><strong>Die <\/strong><strong>Berufsorientierung<\/strong><strong> ab der <\/strong>Jahrgangsstufe 8 bis 10 <strong>umfasst vorrangig<\/strong><strong>:<\/strong><\/p>\n<p><strong> Das Sch\u00fclerbetriebspraktikum von insgesamt 25 Arbeitstagen, welches im Allgemeinen als Blockpraktikum durchgef\u00fchrt wird. Die Sch\u00fclerinnen und Sch\u00fcler sollen durch Betriebserkundungen, Betriebsf\u00fchrungen und Gespr\u00e4che sowie eigene T\u00e4tigkeit an einem oder verschiedenen Arbeitspl\u00e4tzen einen Einblick gewinnen in den Aufbau eines Betriebes, seinen wirtschaftlichen Zweck, die organisierte Zusammenarbeit der Betriebsangeh\u00f6rigen, die f\u00fcr ihre T\u00e4tigkeiten erforderlichen Ausbildungen, die sozialen Belange und die Verflechtung des Betriebes mit anderen Betrieben oder staatlichen Institutionen. Das Praktikum soll damit zur Entwicklung des Verst\u00e4ndnisses der Arbeits- und Wirtschaftswelt beitragen, die Jugendlichen in ihrer Berufswahl unterst\u00fctzen und ihnen den \u00dcbergang in das Berufs- und Arbeitsleben erleichtern. Die praktischen Erfahrungen der Sch\u00fclerinnen und Sch\u00fcler werden in einem Portfolio dokumentiert (z.B. Qualipass, Berufswahlpass, <a href=\"http:\/\/www.weitfuehrung.de\/\">Logbuch:Ich bin qualifiziert<\/a>)<\/strong><\/p>\n","protected":false},"excerpt":{"rendered":"<p>Konzeption zur Berufsorientierung Die Berufsorientierung geh\u00f6rt zum Bildungs- und Erziehungsauftrag der Schule und ist Teil der schulischen Allgemeinbildung. Laut Schulgesetz wird die Zusammenarbeit zwischen Schule und Arbeitswelt durch den Gegenstandsbereich Arbeit-Wirtschaft-Technik und Informatik&nbsp; sowie gezielte berufsorientierende Ma\u00dfnahmen in allen F\u00e4chern &hellip; <a href=\"http:\/\/new.nehru-schule.de\/?page_id=354\">Weiterlesen <span class=\"meta-nav\">&rarr;<\/span><\/a><\/p>\n","protected":false},"author":1,"featured_media":0,"parent":0,"menu_order":0,"comment_status":"closed","ping_status":"closed","template":"","meta":{"ngg_post_thumbnail":0,"footnotes":""},"class_list":["post-354","page","type-page","status-publish","hentry"],"_links":{"self":[{"href":"http:\/\/new.nehru-schule.de\/index.php?rest_route=\/wp\/v2\/pages\/354","targetHints":{"allow":["GET"]}}],"collection":[{"href":"http:\/\/new.nehru-schule.de\/index.php?rest_route=\/wp\/v2\/pages"}],"about":[{"href":"http:\/\/new.nehru-schule.de\/index.php?rest_route=\/wp\/v2\/types\/page"}],"author":[{"embeddable":true,"href":"http:\/\/new.nehru-schule.de\/index.php?rest_route=\/wp\/v2\/users\/1"}],"replies":[{"embeddable":true,"href":"http:\/\/new.nehru-schule.de\/index.php?rest_route=%2Fwp%2Fv2%2Fcomments&post=354"}],"version-history":[{"count":0,"href":"http:\/\/new.nehru-schule.de\/index.php?rest_route=\/wp\/v2\/pages\/354\/revisions"}],"wp:attachment":[{"href":"http:\/\/new.nehru-schule.de\/index.php?rest_route=%2Fwp%2Fv2%2Fmedia&parent=354"}],"curies":[{"name":"wp","href":"https:\/\/api.w.org\/{rel}","templated":true}]}}