{"id":3406,"date":"2020-04-15T20:06:43","date_gmt":"2020-04-15T19:06:43","guid":{"rendered":"http:\/\/new.nehru-schule.de\/?page_id=3406"},"modified":"2026-02-06T10:57:54","modified_gmt":"2026-02-06T09:57:54","slug":"aktuelle-informationen","status":"publish","type":"page","link":"http:\/\/new.nehru-schule.de\/","title":{"rendered":"Aktuelle Informationen"},"content":{"rendered":"\n<p>Sehr geehrte Eltern,<br>aufgrund der Extremwetterlage sind viele Sch\u00fcler*innen am 06.02.26 nicht in die Schule gekommen. Die Zeugnisse werden diesen Sch\u00fcler*innen 23.\/24.2.26 \u00fcbergeben.<\/p>\n\n\n\n<p><strong>In dringenden F\u00e4llen k\u00f6nnen Sie das Zeugnis auch am Montag, d. 09.02.26 in der Zeit von 9 bis 12 Uhr im Sekretariat der Schule abholen.<\/strong><\/p>\n\n\n\n<p>Mit freundlichen Gr\u00fc\u00dfen <br>Carmen H\u00fcbner<\/p>\n\n\n\n<p style=\"font-weight: 400;\"><strong>Hinweise zur Anmeldung f\u00fcr die 5. Klasse<\/strong><\/p>\n<p style=\"font-weight: 400;\"><span style=\"font-size: 10pt;\">Sehr geehrte Eltern,<\/span><br><span style=\"font-size: 10pt;\">um mitzuteilen, an welcher Schule ihr Kind im n\u00e4chsten Schuljahr die 5. Klasse besuchen m\u00f6chte, erhalten Sie von Ihrer Grundschule ein Formular, auf dem Sie einen Erst- und einen Zweitwunsch eintragen m\u00fcssen. <\/span><span style=\"font-size: 10pt;\">Dieses Formular m\u00fcssen Sie in der Grundschule abgeben, denn es wird von dort aus an das Staatliche Schulamt geschickt. <\/span><span style=\"font-size: 10pt;\">Das Amt fasst alle W\u00fcnsche pro Schule zusammen und vergleicht die Zahlen mit der Anzahl der zur Verf\u00fcgung stehenden freien Pl\u00e4tze pro Schule. Deckt sich die Anzahl der W\u00fcnsche mit den freien Kapazit\u00e4ten, wird den W\u00fcnschen stattgegeben.<br><\/span><span style=\"font-size: 10pt;\">W\u00fcrde jedoch die Aufnahmekapazit\u00e4t einer Schule \u00fcberschritten werden, veranlasst das Amt Umlenkungen zur n\u00e4chsten Schule mit freien Kapazit\u00e4ten. Die Entscheidung, welche Sch\u00fcler*innen umgelenkt werden, h\u00e4ngt dann u.a. von der L\u00e4nge des Schulweges ab bzw. davon, an welcher Schule die Sch\u00fclerbusse zuerst halten.<br><\/span><span style=\"font-size: 10pt;\">Wenn Ihr Kind in die musikalisch orientierte Klasse gehen m\u00f6chte, m\u00fcssen Sie dennoch den beschriebenen Verfahrensweg einhalten. Gleichzeitig sollten Sie das Formular \u201eVoranfrage\u2026\u201cdirekt an uns senden, damit wir Ihr Kind in die Musikklasse einordnen k\u00f6nnen, wenn das Amt eine Beschulung bei uns zul\u00e4sst.<\/span><\/p>\n<p style=\"font-weight: 400;\"><span style=\"font-size: 10pt;\">Mit freundlichen Gr\u00fc\u00dfen Carmen H\u00fcbner<\/span><\/p>\n<p>&nbsp;<\/p>\n\n\n\n<h4 class=\"wp-block-heading\">Sehr geehrte Eltern,<br><strong>erkrankte Sch\u00fcler<\/strong> k\u00f6nnen jetzt auch <strong>online <\/strong>abgemeldet werden unter&nbsp;<strong><a href=\"https:\/\/abmeldung-neustrelitz.de\/\" target=\"_blank\" rel=\"noreferrer noopener\">https:\/\/abmeldung-neustrelitz.de\/<\/a>.<\/strong> Alle weiteren Informationen entnehmen Sie bitte dem folgenden Dokument:<\/h4>\n\n\n\n<ol>\n<li><span style=\"background-color: #ffff99;\">Hinweis Itslearning:<\/span><br>unsere Schule arbeitet mit der Lernplattform Itslearning. Sollten Sie Probleme mit der Anmeldung\/ Zugangsdaten haben, melden Sie sich bitte bei der Schuladministratorin (T.Templin@jawaharlal-nehru-schule.de).<br>Hier geht es zur Itslearning-Anmeldeseite: <a href=\"https:\/\/cloud.schule-mv.de\">https:\/\/cloud.schule-mv.de<\/a><br>Die Lernplattform hat auch eine <strong>App<\/strong>. Wenn diese heruntergeladen ist, den Suchbegriff &#8222;<strong>Schulen des Landes Mecklenburg-Vorpommern<\/strong>&#8220; eingeben. Dann erfolgt die Eingabe der Zugangsdaten Ihres Kindes.<\/li>\n<\/ol>\n<p><span style=\"background-color: #ffff99;\">Vertretungsplan:<\/span><br>Der Vertretungsplan unserer Schule ist bei <a href=\"https:\/\/stundenplan24.de\/\" target=\"_blank\" rel=\"noopener\"><strong>stundenplan24<\/strong><\/a> sichtbar. <span style=\"color: #003300; font-size: 12pt;\">Bei Nutzung der kostenfreien&nbsp; App muss <strong>VpMobil24<\/strong> installiert werden. <strong>Indiware mobil (Sch\u00fcler)<\/strong> ausw\u00e4hlen. Die Zugangsdaten erhalten die Sch\u00fcler vom Klassenlehrerin bzw. der Planerin (Frau Templin).<\/span><br><br><span style=\"color: #003300;\"><a style=\"color: #003300;\" href=\"https:\/\/www.stundenplan24.de\/\" target=\"_blank\" rel=\"noopener\"><span style=\"font-size: 18pt; background-color: #ffff99;\">&nbsp;Hier geht es direkt zum Vertretungsplan \u00fcber Stundenplan24<\/span><\/a><span style=\"font-size: 14pt;\"><br><br><\/span><\/span><\/p>\n\n\n\n<p><strong>WICHTIGE INFO<\/strong><\/p>\n\n\n\n<p>An unserer Schule gibt es seit diesem Jahr eine Klasse 10 BR f\u00fcr Sch\u00fcler*innen mit Lernproblemen und Entwicklungsverz\u00f6gerungen..<br>Die Sch\u00fcler*innen haben die M\u00f6glichkeit, den Abschluss der Berufsreife zu erwerben.<\/p>\n\n\n\n<p><em>Das Projekt Freiwilliges 10. Schuljahr wird im Rahmen des ESF Plus Programms 2021 \u2013 2027 des Landes Mecklenburg-Vorpommern durch das Ministerium f\u00fcr Bildung und Kindertagesf\u00f6rderung aus Mitteln des Europ\u00e4ischen Sozialfonds Plus der Europ\u00e4ischen Union sowie des Landes Mecklenburg-Vorpommern gef\u00f6rdert.<\/em><\/p>\n\n\n\n<figure class=\"wp-block-image is-resized\"><img loading=\"lazy\" decoding=\"async\" width=\"485\" height=\"242\" src=\"http:\/\/new.nehru-schule.de\/wordpress\/wp-content\/uploads\/2023\/11\/MV_LS_Claim_RGB.png\" alt=\"\" class=\"wp-image-20948\" style=\"width:128px;height:auto\" srcset=\"http:\/\/new.nehru-schule.de\/wordpress\/wp-content\/uploads\/2023\/11\/MV_LS_Claim_RGB.png 485w, http:\/\/new.nehru-schule.de\/wordpress\/wp-content\/uploads\/2023\/11\/MV_LS_Claim_RGB-300x150.png 300w\" sizes=\"auto, (max-width: 485px) 100vw, 485px\" \/><\/figure>\n\n\n\n<figure class=\"wp-block-image is-resized\"><img loading=\"lazy\" decoding=\"async\" width=\"2560\" height=\"537\" src=\"http:\/\/new.nehru-schule.de\/wordpress\/wp-content\/uploads\/2023\/11\/DE-Kofinanziert-von-der-Europaeischen-Union_POS-scaled.jpg\" alt=\"\" class=\"wp-image-20947\" style=\"width:200px;height:auto\" srcset=\"http:\/\/new.nehru-schule.de\/wordpress\/wp-content\/uploads\/2023\/11\/DE-Kofinanziert-von-der-Europaeischen-Union_POS-scaled.jpg 2560w, http:\/\/new.nehru-schule.de\/wordpress\/wp-content\/uploads\/2023\/11\/DE-Kofinanziert-von-der-Europaeischen-Union_POS-300x63.jpg 300w, http:\/\/new.nehru-schule.de\/wordpress\/wp-content\/uploads\/2023\/11\/DE-Kofinanziert-von-der-Europaeischen-Union_POS-1024x215.jpg 1024w, http:\/\/new.nehru-schule.de\/wordpress\/wp-content\/uploads\/2023\/11\/DE-Kofinanziert-von-der-Europaeischen-Union_POS-768x161.jpg 768w, http:\/\/new.nehru-schule.de\/wordpress\/wp-content\/uploads\/2023\/11\/DE-Kofinanziert-von-der-Europaeischen-Union_POS-1536x322.jpg 1536w, http:\/\/new.nehru-schule.de\/wordpress\/wp-content\/uploads\/2023\/11\/DE-Kofinanziert-von-der-Europaeischen-Union_POS-2048x430.jpg 2048w, http:\/\/new.nehru-schule.de\/wordpress\/wp-content\/uploads\/2023\/11\/DE-Kofinanziert-von-der-Europaeischen-Union_POS-940x198.jpg 940w\" sizes=\"auto, (max-width: 2560px) 100vw, 2560px\" \/><\/figure>\n\n\n\n<p><\/p>\n\n\n\n<p><\/p>\n\n\n\n\n\n\n\n\n","protected":false},"excerpt":{"rendered":"<p>Sehr geehrte Eltern,aufgrund der Extremwetterlage sind viele Sch\u00fcler*innen am 06.02.26 nicht in die Schule gekommen. Die Zeugnisse werden diesen Sch\u00fcler*innen 23.\/24.2.26 \u00fcbergeben. In dringenden F\u00e4llen k\u00f6nnen Sie das Zeugnis auch am Montag, d. 09.02.26 in der Zeit von 9 bis &hellip; <a href=\"http:\/\/new.nehru-schule.de\/\">Weiterlesen <span class=\"meta-nav\">&rarr;<\/span><\/a><\/p>\n","protected":false},"author":1,"featured_media":0,"parent":0,"menu_order":0,"comment_status":"closed","ping_status":"closed","template":"","meta":{"ngg_post_thumbnail":0,"footnotes":""},"class_list":["post-3406","page","type-page","status-publish","hentry"],"_links":{"self":[{"href":"http:\/\/new.nehru-schule.de\/index.php?rest_route=\/wp\/v2\/pages\/3406","targetHints":{"allow":["GET"]}}],"collection":[{"href":"http:\/\/new.nehru-schule.de\/index.php?rest_route=\/wp\/v2\/pages"}],"about":[{"href":"http:\/\/new.nehru-schule.de\/index.php?rest_route=\/wp\/v2\/types\/page"}],"author":[{"embeddable":true,"href":"http:\/\/new.nehru-schule.de\/index.php?rest_route=\/wp\/v2\/users\/1"}],"replies":[{"embeddable":true,"href":"http:\/\/new.nehru-schule.de\/index.php?rest_route=%2Fwp%2Fv2%2Fcomments&post=3406"}],"version-history":[{"count":0,"href":"http:\/\/new.nehru-schule.de\/index.php?rest_route=\/wp\/v2\/pages\/3406\/revisions"}],"wp:attachment":[{"href":"http:\/\/new.nehru-schule.de\/index.php?rest_route=%2Fwp%2Fv2%2Fmedia&parent=3406"}],"curies":[{"name":"wp","href":"https:\/\/api.w.org\/{rel}","templated":true}]}}