{"id":2437,"date":"2016-12-11T14:13:58","date_gmt":"2016-12-11T13:13:58","guid":{"rendered":"http:\/\/new.nehru-schule.de\/?page_id=2437"},"modified":"2018-03-22T17:56:17","modified_gmt":"2018-03-22T16:56:17","slug":"schulfoerderverein","status":"publish","type":"page","link":"http:\/\/new.nehru-schule.de\/?page_id=2437","title":{"rendered":"Schulf\u00f6rderverein"},"content":{"rendered":"<p><span style=\"font-family: arial black,sans-serif;\">Vorsitzende: Frau Kundt<\/span><br \/>\n<span style=\"font-family: arial black,sans-serif;\"> Weitere Ansprechpartner: Herr Zscheischler und Frau Siegmund<\/span><\/p>\n<p>Wir freuen uns immer auf neue Unterst\u00fctzer und neue Mitglieder.<br \/>\nKaufen Sie \u00fcber SCHULENGEL f\u00fcr uns ein.<\/p>\n<p>Der Aufnahmeantrag<br \/>\n\u27a1&nbsp;&nbsp; &nbsp; &nbsp; <span style=\"color: #ff0000; font-size: 14pt;\"><a style=\"color: #ff0000;\" href=\"http:\/\/new.nehru-schule.de\/wordpress\/wp-content\/uploads\/2014\/02\/Bereitschaftserkl\u00e4rung-zur-Mitgliedschaft-im-Schulf\u00f6rderverein.pdf\">Bereitschaftserkl\u00e4rung-zur-Mitgliedschaft-im-Schulf\u00f6rderverein<\/a><\/span><\/p>\n<p><span style=\"color: #000000;\"><a style=\"color: #000000;\" href=\"http:\/\/new.nehru-schule.de\/wordpress\/wp-content\/uploads\/2014\/05\/Jahresbericht-Schulf\u00f6rderverein.pdf\">Jahresbericht 2014 Schulf\u00f6rderverein<\/a><\/span><\/p>\n<h2><span style=\"text-decoration: underline; color: #000080;\">Satzung des F\u00f6rdervereins UNESCO Schule \u201eNehru\u201c e.V.<\/span><\/h2>\n<ul>\n<li><span style=\"color: #000080;\"><strong>1 Name, Sitz, Gesch\u00e4ftsjahr<\/strong><\/span><\/li>\n<\/ul>\n<ol>\n<li><span style=\"color: #000080;\">Der F\u00f6rderverein UNESCO-Schule \u201eNehru\u201c e.V. mit Sitz in der Tiergartenstra\u00dfe 32, 17235 Neustrelitz verfolgt ausschlie\u00dflich und unmittelbar gemeinn\u00fctzige Zwecke im Sinne des Abschnitts \u201eSteuerbeg\u00fcnstigte Zwecke\u201c der Abgabenordnung.<\/span><\/li>\n<li><span style=\"color: #000080;\">Gesch\u00e4ftsjahr ist das Kalenderjahr.<\/span><\/li>\n<\/ol>\n<ul>\n<li><span style=\"color: #000080;\"><strong>2 Zweck<\/strong><\/span><\/li>\n<\/ul>\n<ol>\n<li><span style=\"color: #000080;\">Zweck des Vereins ist die F\u00f6rderung der Volksbildung, der Erziehung, der Jugendhilfe, der Bildung und des Sports durch die ideelle und finanzielle F\u00f6rderung der UNESCO-Schule \u201eJ. Nehru\u201c zur ideellen und materiellen F\u00f6rderung und Pflege der Volksbildung, der Erziehung, der Jugendhilfe, der Bildung und des Sports. Zweck des Vereins ist es damit, die UNESCO Schule \u201eJ. Nehru\u201c in ihren erzieherischen, k\u00fcnstlerischen und sportlichen Bestrebungen in ideeller und m\u00f6glichst finanzieller Weise zu unterst\u00fctzen und den Zusammenhalt der Schule mit den Lehrern, den Sch\u00fclern und deren Erziehungsberechtigten, den ehemaligen Sch\u00fclern und Lehrern sowie der Stadt Neustrelitz im vorgenannten Sinne zu pflegen und damit zur Einbindung der Schule in das \u00f6rtliche Leben beizutragen unter Ber\u00fccksichtigung der Leitlinien der UNESCO-Projekt-Schulen.<\/span><\/li>\n<li><span style=\"color: #000080;\">Der Satzungszweck wird verwirklicht insbesondere durch<\/span><br \/>\n<span style=\"color: #000080;\">a) die Beschaffung von Mitteln durch Beitr\u00e4ge und Spenden,<\/span><br \/>\n<span style=\"color: #000080;\">b) die Durchf\u00fchrung von Veranstaltungen, die der ideellen Werbung f\u00fcr die Volksbildung, die Erziehung, die Jugendhilfe, die Bildung und den Sport dienen,<\/span><br \/>\n<span style=\"color: #000080;\">c) die ideelle und materielle Unterst\u00fctzung der UNESCO-Schule \u201eJ. Nehru\u201c,<\/span><br \/>\n<span style=\"color: #000080;\">d) die Durchf\u00fchrung und Organisation von Veranstaltungen zur F\u00f6rderung k\u00fcnstlerischer und sportlicher \u00dcbungen und Leistungen,<\/span><br \/>\n<span style=\"color: #000080;\">e) die Erg\u00e4nzung der Unterrichtsmittel (Lehr- und Lernmittel usw.).<\/span><\/li>\n<li><span style=\"color: #000080;\">Der Verein ist selbstlos t\u00e4tig; er verfolgt nicht in erster Linie eigenwirtschaftliche Zwecke.<\/span><\/li>\n<li><span style=\"color: #000080;\">Mittel des Vereins d\u00fcrfen nur f\u00fcr die satzungsgem\u00e4\u00dfen Zwecke verwendet werden.<\/span><\/li>\n<li><span style=\"color: #000080;\">Die Mitglieder des Vereins erhalten keine Zuwendungen aus Mitteln des Vereins.<\/span><\/li>\n<li><span style=\"color: #000080;\">Es darf keine Person durch Ausgaben, die dem Zweck der K\u00f6rperschaft fremd sind, oder durch unverh\u00e4ltnism\u00e4\u00dfig hohe Verg\u00fctungen beg\u00fcnstigt werden.<\/span><\/li>\n<li><span style=\"color: #000080;\">Bei Aufl\u00f6sung des Vereins oder bei Wegfall steuerbeg\u00fcnstigter Zwecke f\u00e4llt das Verm\u00f6gen des Vereins an die UNESCO-Schule \u201eJ. Nehru\u201c mit Sitz in Neustrelitz, die es&nbsp; unmittelbar und ausschlie\u00dflich f\u00fcr gemeinn\u00fctzige Zwecke der Schule zu verwenden hat oder an die Stadt Neustrelitz als Schultr\u00e4ger, wenn die Schule nicht mehr besteht; die Stadt hat das Verm\u00f6gen ausschlie\u00dflich und unmittelbar f\u00fcr gemeinn\u00fctzige Zwecke im Stadtgebiet zu verwenden.<\/span><\/li>\n<\/ol>\n<ul>\n<li><span style=\"color: #000080;\"><strong>3 Mitgliedschaft<\/strong><\/span><\/li>\n<\/ul>\n<ol>\n<li><span style=\"color: #000080;\">Mitglied des Vereins kann jede vollj\u00e4hrige Person werden wie auch eine juristische Person des \u00f6ffentlichen oder privaten Rechts. <\/span><br \/>\n<span style=\"color: #000080;\">Der Aufnahmeantrag ist schriftlich zu stellen. Dar\u00fcber entscheidet der Vorstand.&nbsp;&nbsp;&nbsp;&nbsp;&nbsp; Gegen eine ablehnende Entscheidung kann innerhalb eines Monats nach Zugang&nbsp;&nbsp;&nbsp;&nbsp;&nbsp; schriftlich Beschwerde eingelegt werden, \u00fcber die von der n\u00e4chsten ordentlichen&nbsp;&nbsp;&nbsp;&nbsp;&nbsp; Mitgliederversammlung entschieden wird. Die Beschwerdeentscheidung wird schriftlich zugestellt.<\/span><br \/>\n<span style=\"color: #000080;\">Ein Anspruch auf Mitgliedschaft besteht nicht.<\/span><\/li>\n<li><span style=\"color: #000080;\">Der Verein besteht aus aktiven und passiven Mitgliedern sowie aus Ehrenmitgliedern.<\/span><br \/>\n<span style=\"color: #000080;\">Aktive Mitglieder sind die im Verein direkt mitarbeitenden Mitglieder; passive Mitglieder sind Mitglieder, die sich zwar nicht aktiv innerhalb des Vereins bet\u00e4tigen, jedoch die Ziele und auch den Zweck des Vereins f\u00f6rdern und unterst\u00fctzen.<\/span><br \/>\n<span style=\"color: #000080;\">Zum Ehrenmitglied werden Mitglieder ernannt, die sich in besonderer Weise um den Verein verdient gemacht haben. Hierf\u00fcr ist ein Beschluss der Mitgliederversammlung erforderlich.<\/span><br \/>\n<span style=\"color: #000080;\">Ehrenmitglieder haben die gleichen Rechte und Pflichten wie ordentliche Mitglieder und k\u00f6nnen insbesondere an s\u00e4mtlichen Versammlungen und Sitzungen teilnehmen.<\/span><\/li>\n<li><span style=\"color: #000080;\">Die Mitgliedschaft endet<\/span><br \/>\n<span style=\"color: #000080;\">a) mit dem Tod (nat\u00fcrliche Person) oder der Aufl\u00f6sung (juristische Person) des Mitgliedes,<\/span><br \/>\n<span style=\"color: #000080;\">b) durch Austritt,<\/span><br \/>\n<span style=\"color: #000080;\">c) durch Ausschluss aus dem Verein.<\/span><br \/>\n<span style=\"color: #000080;\">Der Austritt muss schriftlich gegen\u00fcber mindestens einem Vorstandsmitglied erkl\u00e4rt werden. Er ist nur unter Einhaltung einer Frist von drei Monaten zum Ende eines Kalenderjahres m\u00f6glich. Ein Mitglied kann aus dem Verein ausgeschlossen werden, wenn es in schwer wiegender Weise gegen die Interessen des Vereins versto\u00dfen hat.<\/span><br \/>\n<span style=\"color: #000080;\">\u00dcber den Ausschluss entscheidet auf Antrag des Vorstandes die Mitgliederversammlung mit 2\/3 Mehrheit. Der Vorstand hat dem betroffenen Mitglied mindestens zwei Wochen vor der Mitgliederversammlung den Ausschlie\u00dfungsantrag mit Begr\u00fcndung in Abschrift zu \u00fcbersenden. Eine schriftliche Stellungnahme des betroffenen Mitgliedes ist der Mitgliederversammlung zur Kenntnis zu bringen.<\/span><br \/>\n<span style=\"color: #000080;\">Der Ausschlie\u00dfungsbeschluss wird dem Mitglied durch den Vorstand schriftlich mitgeteilt und wird mit dem Zugang wirksam.<\/span><br \/>\n<span style=\"color: #000080;\">Bei Beendigung der Mitgliedschaft besteht kein Anspruch auf einen Anteil am Vereinsverm\u00f6gen.<\/span><\/li>\n<li><span style=\"color: #000080;\">Mit dem Beitritt eines Mitglieds nimmt der Verein Daten wie z.B. Adresse, Alter, Bankverbindung auf. Diese Informationen werden im vereinseigenen EDV-System gespeichert. Die personenbezogenen Daten werden dabei durch geeignete technische und organisatorische Ma\u00dfnahmen vor der Kenntnisnahme Dritter gesch\u00fctzt.<\/span><br \/>\n<span style=\"color: #000080;\">Sonstige Informationen zu den Mitgliedern werden von dem Verein grunds\u00e4tzlich nur verarbeitet oder genutzt, wenn sie zur F\u00f6rderung des Vereinszwecks n\u00fctzlich sind (z.B. Speicherung von Telefon- und Faxnummern einzelner Mitglieder) und keine Anhaltspunkte bestehen, dass die betroffene Person ein schutzw\u00fcrdiges Interesse hat, das der Verarbeitung oder Nutzung entgegensteht.<\/span><\/li>\n<\/ol>\n<ul>\n<li><span style=\"color: #000080;\"><strong>4 Mitgliedsbeitr\u00e4ge<\/strong><\/span><\/li>\n<\/ul>\n<ol>\n<li><span style=\"color: #000080;\">Die Mitglieder zahlen Mitgliedsbeitr\u00e4ge, \u00fcber deren H\u00f6he und F\u00e4lligkeit die Mitgliederversammlung jeweils mit Wirkung f\u00fcr das folgende Gesch\u00e4ftsjahr entscheidet.<\/span><\/li>\n<li><span style=\"color: #000080;\">Die Ehrenmitglieder sind von der Beitragspflicht befreit.<\/span><\/li>\n<\/ol>\n<ul>\n<li><span style=\"color: #000080;\"><strong>5 Organe<\/strong><\/span><\/li>\n<\/ul>\n<p><span style=\"color: #000080;\">Organe des Vereins sind:<\/span><\/p>\n<ol>\n<li><span style=\"color: #000080;\">der Vorstand<\/span><\/li>\n<li><span style=\"color: #000080;\">die Mitgliederversammlung<\/span><\/li>\n<\/ol>\n<p><span style=\"color: #000080;\">Die Mitgliederversammlung kann die Bildung weiterer Vereinsorgane oder Gremien beschlie\u00dfen.<\/span><\/p>\n<ul>\n<li><span style=\"color: #000080;\"><strong>6 Vorstand<\/strong><\/span><\/li>\n<\/ul>\n<ol>\n<li><span style=\"color: #000080;\">Der Vorstand besteht aus drei Personen, dem Vorsitzenden, dem Schatzmeister (erster stellvertretender Vorsitzender) und dem Schriftf\u00fchrer (zweiter stellvertretender Vorsitzender).<\/span><\/li>\n<li><span style=\"color: #000080;\">Der Vorsitzende und die stellvertretenden Vorsitzenden bilden den Vorstand im Sinne von \u00a7&nbsp;26 BGB (Vertretungsvorstand). Der Verein wird gerichtlich und au\u00dfergerichtlich durch den Vorsitzenden oder durch einen der stellvertretenden Vorsitzenden vertreten.<\/span><br \/>\n<span style=\"color: #000080;\">Arbeitnehmer des Vereins d\u00fcrfen nicht Mitglieder des Vertretungsvorstandes sein.<\/span><\/li>\n<li><span style=\"color: #000080;\">Der Vorstand wird von der Mitgliederversammlung f\u00fcr die Dauer von zwei Jahren gew\u00e4hlt. Bis zu einer Neuwahl bleibt der Vorstand im Amt. Scheidet ein Mitglied w\u00e4hrend der Amtszeit aus, kann der Gesamtvorstand ein Ersatzmitglied f\u00fcr die restliche Amtsdauer des Ausgeschiedenen w\u00e4hlen.<\/span><\/li>\n<li><span style=\"color: #000080;\">Der Vorstand f\u00fchrt die Gesch\u00e4fte des Vereins und erledigt alle Verwaltungsaufgaben, soweit sie nicht durch die Satzung oder Gesetz einem anderen Vereinsorgan zugewiesen sind. Er hat insbesondere folgende Aufgaben:<\/span><br \/>\n<span style=\"color: #000080;\">a) Die Ausf\u00fchrung der Beschl\u00fcsse der Mitgliederversammlung.<\/span><br \/>\n<span style=\"color: #000080;\">b) Die Einberufung und Vorbereitung der Mitgliederversammlung. Die Leitung der Mitgliederversammlung durch den Vorsitzenden oder einen der stellvertretenden Vorsitzenden.<\/span><br \/>\n<span style=\"color: #000080;\">c) Die Aufstellung des Haushaltsplanes f\u00fcr jedes Gesch\u00e4ftsjahr, Buchf\u00fchrung, Erstellung des Jahresberichtes.<\/span><br \/>\n<span style=\"color: #000080;\">d) Aufnahme und Mitwirkung beim Ausschluss von Mitgliedern.<\/span><br \/>\n<span style=\"color: #000080;\">e) Abschluss und Beendigung von Arbeitsvertr\u00e4gen.<\/span><\/li>\n<li><span style=\"color: #000080;\">Der Vorstand ist in seinen Sitzungen beschlussf\u00e4hig, wenn alle Mitglieder eingeladen und mindestens zwei Mitglieder, darunter der Vorsitzende oder ein stellvertretender Vorsitzender, anwesend sind.<\/span><br \/>\n<span style=\"color: #000080;\">Die Einladung erfolgt schriftlich durch den Vorsitzenden oder bei dessen Verhinderung durch einen der beiden stellvertretenden Vorsitzenden \u2013 auch in Eilf\u00e4llen \u2013 sp\u00e4testens eine Woche vor der Sitzung. Der Mitteilung einer Tagesordnung bedarf es nicht.<\/span><br \/>\n<span style=\"color: #000080;\">Der Vorstand beschlie\u00dft mit einfacher Mehrheit der abgegebenen g\u00fcltigen Stimmen. Bei Stimmengleichheit entscheidet die Stimme des Vorsitzenden oder bei dessen Abwesenheit die des stellvertretenden Vorsitzenden, der die Vorstandssitzung leitet. Die Beschl\u00fcsse sind in ein Protokollbuch einzutragen und vom Sitzungsleiter zu unterschreiben. Die Eintragungen m\u00fcssen enthalten:<\/span><br \/>\n<span style=\"color: #000080;\">&#8211;&nbsp;&nbsp;&nbsp;&nbsp; Ort und Zeit der Sitzung,<\/span><br \/>\n<span style=\"color: #000080;\">&#8211;&nbsp;&nbsp;&nbsp;&nbsp; die Namen der Teilnehmer und des Sitzungsleiters,<\/span><br \/>\n<span style=\"color: #000080;\">&#8211;&nbsp;&nbsp;&nbsp;&nbsp; die gefassten Beschl\u00fcsse und die Abstimmungsergebnisse.<\/span><br \/>\n<span style=\"color: #000080;\">Vorstandsbeschl\u00fcsse k\u00f6nnen im schriftlichen Verfahren gefasst werden, wenn alle Mitglieder des Vorstandes dem Beschlussvorschlag schriftlich zustimmen. Die Unterlagen \u00fcber die Beschlussfassung sind als Anlage in dem Protokollbuch zu verwahren.<\/span><\/li>\n<li><span style=\"color: #000080;\">Der Vorstand kann sich eine Gesch\u00e4ftsordnung geben.<\/span><\/li>\n<\/ol>\n<ul>\n<li><span style=\"color: #000080;\"><strong>7 Mitgliederversammlung<\/strong><\/span><\/li>\n<\/ul>\n<ol>\n<li><span style=\"color: #000080;\">Die Mitgliederversammlung ist zust\u00e4ndig f\u00fcr alle Aufgaben, soweit sie nicht dem Vorstand oder anderen Vereinsorganen obliegen. Sie ist ausschlie\u00dflich zust\u00e4ndig f\u00fcr folgende Angelegenheiten:<\/span><br \/>\n<span style=\"color: #000080;\">a) Genehmigung des vom Vorstand aufgestellten Haushaltsplanes f\u00fcr das n\u00e4chste Gesch\u00e4ftsjahr,<\/span><br \/>\n<span style=\"color: #000080;\">b) Entgegennahme des Jahresberichtes des Vorstandes, Entlastung des Vorstandes,<\/span><br \/>\n<span style=\"color: #000080;\">c) Festsetzung der H\u00f6he und F\u00e4lligkeit des Mitgliedsbeitrages,<\/span><br \/>\n<span style=\"color: #000080;\">d) Wahl und Abberufung der Mitglieder des Vorstandes, \u00c4nderung der Satzung,<\/span><br \/>\n<span style=\"color: #000080;\">f) Aufl\u00f6sung des Vereins,<\/span><br \/>\n<span style=\"color: #000080;\">g) Entscheidung \u00fcber die Beschwerde gegen die Ablehnung eines Aufnahmeantrages,<\/span><br \/>\n<span style=\"color: #000080;\">h) Ausschluss eines Vereinsmitgliedes,<\/span><br \/>\n<span style=\"color: #000080;\">i) Ernennung von Ehrenmitgliedern.<\/span><br \/>\n<span style=\"color: #000080;\">j) Wahl der Kassenpr\u00fcfer und Entgegennahme des Kassenpr\u00fcfungsberichtes der Kassenpr\u00fcfer<\/span><\/li>\n<li><span style=\"color: #000080;\">Durchf\u00fchrung der Mitgliederversammlung<\/span><br \/>\n<span style=\"color: #000080;\">a) Die ordentliche Mitgliederversammlung findet im ersten Quartal eines jeden Jahres statt. Eine au\u00dferordentliche Mitgliederversammlung ist einzuberufen, wenn<\/span><br \/>\n<span style=\"color: #000080;\">\u2013&nbsp;&nbsp;&nbsp; der Vorstand die Einberufung aus dringenden wichtigen Gr\u00fcnden beschlie\u00dft oder<\/span><br \/>\n<span style=\"color: #000080;\">\u2013&nbsp;&nbsp;&nbsp; ein Zehntel der Mitglieder schriftlich unter Angabe der Gr\u00fcnde die Einberufung <\/span><br \/>\n<span style=\"color: #000080;\">&nbsp;&nbsp;&nbsp;&nbsp;&nbsp;&nbsp; vom Vorstand verlangt.<\/span><br \/>\n<span style=\"color: #000080;\">b) Die Mitgliederversammlung wird vom Vorstandsvorsitzenden oder einem stellvertretenden Vorsitzenden schriftlich unter Einhaltung einer Frist von mindestens zwei Wochen unter Angabe der Tagesordnung einberufen.<\/span><br \/>\n<span style=\"color: #000080;\">Der Fristablauf beginnt mit dem auf die Absendung des Einladungsschreibens folgenden Tag. Das Einladungsschreiben gilt dem Mitglied als zugegangen, wenn es an die dem Vertretungsvorstand zuletzt bekannt gegebene Anschrift gerichtet wurde.<\/span><br \/>\n<span style=\"color: #000080;\"> Jedes Mitglied kann bis sp\u00e4testens eine Woche vor Beginn der Mitgliederversammlung schriftlich die Erg\u00e4nzung der Tagesordnung verlangen. Danach und in der Mitgliederversammlung gestellte Antr\u00e4ge auf Erg\u00e4nzung der Tagesordnung k\u00f6nnen nur durch Entscheidung der Mitgliederversammlung mit 2\/3 Mehrheit zugelassen werden.<\/span><br \/>\n<span style=\"color: #000080;\">c) Die Mitgliederversammlung wird vom Vorstandsvorsitzenden, bei dessen Verhinderung von einem stellvertretenden Vorsitzenden, bei dessen Verhinderung von einem anderen Mitglied des Vorstandes geleitet. Ist kein Vorstandsmitglied anwesend, bestimmt die Versammlung den Leiter.<\/span><br \/>\n<span style=\"color: #000080;\">F\u00fcr die Dauer der Durchf\u00fchrung von Vorstandswahlen w\u00e4hlt die&nbsp;&nbsp;&nbsp;&nbsp; Mitgliederversammlung einen Wahlausschuss.<\/span><br \/>\n<span style=\"color: #000080;\"> Der Protokollf\u00fchrer wird vom Versammlungsleiter bestimmt.<\/span><br \/>\n<span style=\"color: #000080;\">d) Die Mitgliederversammlung ist nicht \u00f6ffentlich. Der Versammlungsleiter kann G\u00e4ste zulassen. \u00dcber die Zulassung und die Erteilung des Rederechts beschlie\u00dft die Mitgliederversammlung, ebenso \u00fcber die Zulassung von Presse, Rundfunk und Fernsehen sowie einen Internet-Auftritt.<\/span><br \/>\n<span style=\"color: #000080;\">e) Die Mitgliederversammlung ist beschlussf\u00e4hig, wenn mindestens ein Drittel der stimmberechtigten Mitglieder, bei \u00c4nderung des Vereinszwecks und Aufl\u00f6sung des Vereins mindestens die H\u00e4lfte anwesend ist.<\/span><br \/>\n<span style=\"color: #000080;\">F\u00fcr den Fall der Beschlussunf\u00e4higkeit muss der Vorsitzende innerhalb von vier Wochen eine neue Mitgliederversammlung mit derselben Tagesordnung einberufen, die unabh\u00e4ngig von der Zahl der anwesenden Mitglieder beschlussf\u00e4hig ist. Darauf ist in der Einladung hinzuweisen.<\/span><br \/>\n<span style=\"color: #000080;\">Jedes Mitglied hat eine Stimme. Stimm\u00fcbertragungen sind nicht zul\u00e4ssig.<\/span><br \/>\n<span style=\"color: #000080;\">Beschl\u00fcsse werden mit einfacher Mehrheit der abgegebenen g\u00fcltigen Stimmen gefasst. Stimmenthaltungen werden nicht mitgez\u00e4hlt.<\/span><br \/>\n<span style=\"color: #000080;\">F\u00fcr Satzungs\u00e4nderungen ist eine 3\/4 Mehrheit der abgegebenen g\u00fcltigen Stimmen, f\u00fcr die \u00c4nderung des Vereinszwecks und die Aufl\u00f6sung des Vereins eine solche von 4\/5 erforderlich.<\/span><br \/>\n<span style=\"color: #000080;\">Die Art der Abstimmung bestimmt der Versammlungsleiter. Etwas anderes gilt dann, wenn mindestens ein Drittel der stimmberechtigten Mitglieder ein anderes Stimmrechtsverfahren verlangt.<\/span><br \/>\n<span style=\"color: #000080;\">f) Vorstandswahlen erfolgen durch schriftliche geheime Abstimmung.<\/span><span style=\"color: #000080;\">&nbsp;&nbsp;&nbsp;&nbsp;&nbsp;&nbsp;&nbsp;&nbsp;&nbsp;&nbsp;&nbsp;&nbsp;&nbsp;&nbsp;&nbsp;&nbsp;&nbsp;&nbsp;&nbsp;&nbsp;&nbsp;&nbsp;&nbsp;&nbsp;&nbsp; <\/span><span style=\"color: #000080;\">Die Mitglieder des Vorstandes werden einzeln gew\u00e4hlt, zuerst der Vorsitzende, dann die beiden stellvertretenden Vorsitzenden und zuletzt die \u00fcbrigen Mitglieder. Es gilt der Kandidat als gew\u00e4hlt, der mehr als die H\u00e4lfte der abgegebenen g\u00fcltigen Stimmen erhalten hat. Ist diese Stimmenzahl nicht erreicht worden, findet im zweiten Wahlgang eine Stichwahl zwischen den beiden Kandidaten statt, die die meisten Stimmen erhalten haben.&nbsp;&nbsp;&nbsp;&nbsp;&nbsp;&nbsp;&nbsp;&nbsp;&nbsp;&nbsp;&nbsp;&nbsp;&nbsp;&nbsp;&nbsp;&nbsp;&nbsp;&nbsp;&nbsp;&nbsp;&nbsp;&nbsp;&nbsp;&nbsp;&nbsp;&nbsp;&nbsp;&nbsp;&nbsp;&nbsp;&nbsp;&nbsp;&nbsp;&nbsp;&nbsp;&nbsp;&nbsp;&nbsp;&nbsp;&nbsp;&nbsp;&nbsp;&nbsp;&nbsp;&nbsp;&nbsp;&nbsp;&nbsp;&nbsp;&nbsp;&nbsp;&nbsp;&nbsp;&nbsp;&nbsp;&nbsp;&nbsp;&nbsp;&nbsp;&nbsp;&nbsp;&nbsp;&nbsp;&nbsp;&nbsp;&nbsp;&nbsp;&nbsp;&nbsp;&nbsp;&nbsp;&nbsp;&nbsp;&nbsp;&nbsp;&nbsp;&nbsp;&nbsp;&nbsp;&nbsp;&nbsp;&nbsp;&nbsp;&nbsp;&nbsp;&nbsp;&nbsp;&nbsp;&nbsp;&nbsp;&nbsp;&nbsp;&nbsp;&nbsp;&nbsp;&nbsp;&nbsp;&nbsp;&nbsp;&nbsp;&nbsp;&nbsp;&nbsp;&nbsp;&nbsp;&nbsp;&nbsp;&nbsp;&nbsp;&nbsp;&nbsp;&nbsp;&nbsp;&nbsp;&nbsp;&nbsp;&nbsp;&nbsp;&nbsp;&nbsp;&nbsp;&nbsp;&nbsp;&nbsp;&nbsp;&nbsp; Bei Stimmengleichheit entscheidet der Versammlungsleiter durch Ziehung eines Loses.<\/span><br \/>\n<span style=\"color: #000080;\">g) Das Versammlungsprotokoll ist von dem Versammlungsleiter und dem Protokollf\u00fchrer zu unterzeichnen. Es muss enthalten:<\/span><br \/>\n<span style=\"color: #000080;\">\u2013&nbsp;&nbsp;&nbsp; Ort und Zeit der Versammlung<\/span><br \/>\n<span style=\"color: #000080;\">\u2013&nbsp;&nbsp;&nbsp; Name des Versammlungsleiters und des Protokollf\u00fchrers<\/span><br \/>\n<span style=\"color: #000080;\">\u2013&nbsp;&nbsp;&nbsp; Zahl der erschienenen Mitglieder<\/span><br \/>\n<span style=\"color: #000080;\">\u2013&nbsp;&nbsp;&nbsp; Feststellung der ordnungsgem\u00e4\u00dfen Einberufung und Beschlussf\u00e4higkeit<\/span><br \/>\n<span style=\"color: #000080;\">\u2013&nbsp;&nbsp;&nbsp; die Tagesordnung<\/span><br \/>\n<span style=\"color: #000080;\">\u2013&nbsp;&nbsp;&nbsp; die gestellten Antr\u00e4ge, das Abstimmungsergebnis (Zahl der Ja-Stimmen, Zahl der<\/span><br \/>\n<span style=\"color: #000080;\">&nbsp; &nbsp; &nbsp; Nein-Stimmen, Enthaltungen, ung\u00fcltigen Stimmen), die Art der Abstimmung<\/span><br \/>\n<span style=\"color: #000080;\">\u2013&nbsp;&nbsp;&nbsp; Satzungs- und Zweck\u00e4nderungsantr\u00e4ge<\/span><br \/>\n<span style=\"color: #000080;\">\u2013&nbsp;&nbsp;&nbsp; Beschl\u00fcsse, die w\u00f6rtlich aufzunehmen sind.<\/span><\/li>\n<li><span style=\"color: #000080;\">Die Mitgliederversammlung kann sich eine Gesch\u00e4ftsordnung geben.<\/span><\/li>\n<\/ol>\n<ul>\n<li><span style=\"color: #000080;\"><strong> 8 Kassenpr\u00fcfung<\/strong><\/span><\/li>\n<\/ul>\n<p><span style=\"color: #000080;\">\u00dcber die Mitgliederversammlung werden zwei Kassenpr\u00fcfer f\u00fcr die Dauer von vier Jahren gew\u00e4hlt, die weder Mitglieder des Vorstandes noch Angestellte des Vereins sein d\u00fcrfen.<\/span><br \/>\n<span style=\"color: #000080;\">Die Kassenpr\u00fcfer haben die Aufgabe, Rechnungsbelege sowie deren ordnungsgem\u00e4\u00dfe Verbuchung und die Mittelverwendung zu \u00fcberpr\u00fcfen sowie mindestens einmal j\u00e4hrlich den Kassenbestand des abgelaufenen Kalenderjahres festzustellen.<\/span><br \/>\n<span style=\"color: #000080;\">Die Kassenpr\u00fcfer erstatten in der dem Gesch\u00e4ftsjahr folgenden Mitgliederversammlung Bericht und empfehlen der Mitgliederversammlung bei ordnungsgem\u00e4\u00dfer Kassenf\u00fchrung die Entlastung.<\/span><\/p>\n<ul>\n<li><span style=\"color: #000080;\"><strong>9 Aufl\u00f6sung des Vereins<\/strong><\/span><\/li>\n<\/ul>\n<p><span style=\"color: #000080;\">Die Aufl\u00f6sung des Vereins kann nur in einer Mitgliederversammlung mit der in \u00a7&nbsp;7 geregelten Stimmenmehrheit beschlossen werden. Sofern die Mitgliederversammlung nichts anderes beschlie\u00dft, sind der Vorsitzende und die stellvertretenden Vorsitzenden gemeinsam vertretungsberechtigte Liquidatoren. Die vorstehenden Vorschriften gelten entsprechend f\u00fcr den Fall, dass der Verein aus einem anderen Grund aufgel\u00f6st wird oder seine Rechtsf\u00e4higkeit verliert.<\/span><\/p>\n<p><span style=\"color: #000080;\">Beschlossen am 12.12.16<\/span><br \/>\n<span style=\"color: #000080;\">Kundt, Vorsitzende<\/span><br \/>\n<span style=\"color: #000080;\"> K. Lorenz, Erste stellvertr. Vorsitzende<\/span><\/p>\n<p>&nbsp;<\/p>\n<p>&nbsp;<\/p>\n<p>&nbsp;<\/p>\n","protected":false},"excerpt":{"rendered":"<p>Vorsitzende: Frau Kundt Weitere Ansprechpartner: Herr Zscheischler und Frau Siegmund Wir freuen uns immer auf neue Unterst\u00fctzer und neue Mitglieder. Kaufen Sie \u00fcber SCHULENGEL f\u00fcr uns ein. Der Aufnahmeantrag \u27a1&nbsp;&nbsp; &nbsp; &nbsp; Bereitschaftserkl\u00e4rung-zur-Mitgliedschaft-im-Schulf\u00f6rderverein Jahresbericht 2014 Schulf\u00f6rderverein Satzung des F\u00f6rdervereins UNESCO &hellip; <a href=\"http:\/\/new.nehru-schule.de\/?page_id=2437\">Weiterlesen <span class=\"meta-nav\">&rarr;<\/span><\/a><\/p>\n","protected":false},"author":1,"featured_media":0,"parent":64,"menu_order":0,"comment_status":"closed","ping_status":"closed","template":"","meta":{"ngg_post_thumbnail":0,"footnotes":""},"class_list":["post-2437","page","type-page","status-publish","hentry"],"_links":{"self":[{"href":"http:\/\/new.nehru-schule.de\/index.php?rest_route=\/wp\/v2\/pages\/2437","targetHints":{"allow":["GET"]}}],"collection":[{"href":"http:\/\/new.nehru-schule.de\/index.php?rest_route=\/wp\/v2\/pages"}],"about":[{"href":"http:\/\/new.nehru-schule.de\/index.php?rest_route=\/wp\/v2\/types\/page"}],"author":[{"embeddable":true,"href":"http:\/\/new.nehru-schule.de\/index.php?rest_route=\/wp\/v2\/users\/1"}],"replies":[{"embeddable":true,"href":"http:\/\/new.nehru-schule.de\/index.php?rest_route=%2Fwp%2Fv2%2Fcomments&post=2437"}],"version-history":[{"count":0,"href":"http:\/\/new.nehru-schule.de\/index.php?rest_route=\/wp\/v2\/pages\/2437\/revisions"}],"up":[{"embeddable":true,"href":"http:\/\/new.nehru-schule.de\/index.php?rest_route=\/wp\/v2\/pages\/64"}],"wp:attachment":[{"href":"http:\/\/new.nehru-schule.de\/index.php?rest_route=%2Fwp%2Fv2%2Fmedia&parent=2437"}],"curies":[{"name":"wp","href":"https:\/\/api.w.org\/{rel}","templated":true}]}}