{"id":183,"date":"2014-05-07T14:45:11","date_gmt":"2014-05-07T13:45:11","guid":{"rendered":"http:\/\/new.nehru-schule.de\/wordpress\/?page_id=183"},"modified":"2014-11-28T03:00:00","modified_gmt":"2014-11-28T02:00:00","slug":"unesco","status":"publish","type":"page","link":"http:\/\/new.nehru-schule.de\/?page_id=183","title":{"rendered":"UNESCO"},"content":{"rendered":"<p>&nbsp;<\/p>\n<p>Wir sind eine<br \/>\nUNESCO-Projekt-Schule<\/p>\n<p><a href=\"http:\/\/new.nehru-schule.de\/wordpress\/wp-content\/uploads\/2014\/11\/unescoflaggeklkl.png\"><img loading=\"lazy\" decoding=\"async\" class=\"alignnone  wp-image-831\" src=\"http:\/\/new.nehru-schule.de\/wordpress\/wp-content\/uploads\/2014\/11\/unescoflaggeklkl.png\" alt=\"unescoflaggeklkl\" width=\"271\" height=\"191\" \/><\/a><\/p>\n<p>UNESCO steht f\u00fcr United Nations Educational, Scientific and Cultural Organization,<br \/>\nDeutsch: Organisation der Vereinten Nationen f\u00fcr Bildung, Wissenschaft, Kultur und Kommunikation.<br \/>\nDie UNESCO hat 190 Mitgliedstaaten. Sie ist eine rechtlich eigenst\u00e4ndige Sonderorganisationen der Vereinten Nationen und hat ihren Sitz in Paris.<br \/>\n&#8222;Da Kriege im Geist der Menschen entstehen, muss auch der Frieden im Geist der Menschen verankert werden&#8220; &#8211; dies ist die Leitidee der UNESCO. Sie steht in der Pr\u00e4ambel ihrer Verfassung, die 37 Staaten am 16. November 1945 in London unterzeichnet haben. Aus der Erfahrung des Zweiten Weltkrieges zogen sie die Lehre: &#8222;Ein ausschlie\u00dflich auf politischen und wirtschaftlichen Abmachungen von Regierungen beruhender Friede kann die einm\u00fctige, dauernde und aufrichtige Zustimmung der V\u00f6lker der Welt nicht finden. Friede muss &#8211; wenn er nicht scheitern soll &#8211; in der geistigen und moralischen Solidarit\u00e4t der Menschheit verankert werden.&#8220;<br \/>\nAm 4. November 1946 trat die Verfassung\u00a0in Kraft.<\/p>\n<p>Adresse:<br \/>\nUNESCO<br \/>\n7, place de Fontenoy<br \/>\nF-75352 Paris 07 SP<br \/>\nInternet: <a href=\"http:\/\/www.unesco.de\">http:\/\/www.unesco.de<\/a><\/p>\n<p>Quelle: <a href=\"www.unesco.de\">www.unesco.de<\/a><\/p>\n<p><a href=\"www.ups-schulen.de\">www.ups-schulen.de<\/a><br \/>\nLeitlinien der UNESCO-Projekt-Schulen<br \/>\nI. Essentials: Wir sind ein Netzwerk zur interkulturellen Bildung und setzen uns ein f\u00fcr eine Kultur des Friedens: Menschenrechte, Toleranz, Demokratie, Interkulturelles Lernen, Umwelt und Nachhaltigkeit, Globale Entwicklung.<br \/>\nII. Zielvorgaben: Die Sch\u00fcler\/innen in den unesco-projekt-schulen lernen die in den Essentials genannten Werte und entsprechende Handlungsm\u00f6glichkeiten kennen: A. Menschenrechts- und Friedenserziehung, B. interkulturelle Kompetenz, C. Umwelt und Nachhaltigkeit, D. globale Entwicklung.<br \/>\nIII. Handlungsebenen: Wie lernen Sch\u00fcler\/innen in den unesco-projekt-schulen: E. \u00d6ffnung zur schul\u00fcbergreifenden Zusammenarbeit und Projektkultur, F. Partizipation, G. Aktion: Verantwortung und Impulse f\u00fcr Gemeinde\/Stadt.<br \/>\nIV. Handlungskonzepte<br \/>\nV. Aufgaben und Ziele: Vom Profil zum Programm.<br \/>\nVI. Verantwortlichkeiten<\/p>\n<p>I. Essentials der Arbeit der unesco-projekt-schulen<br \/>\nWir sind ein Netzwerk zur interkulturellen Bildung und setzen uns ein f\u00fcr:<\/p>\n<p>Eine Kultur des Friedens<br \/>\n\u2022 Menschenrechte<br \/>\n\u2022 Toleranz<br \/>\n\u2022 Demokratie<br \/>\n\u2022 Interkulturelles Lernen<br \/>\n\u2022 Umwelt und Nachhaltigkeit<br \/>\n\u2022 Globale Entwicklung<br \/>\nII. Zielvorgaben<br \/>\nWas lernen Sch\u00fcler\/innen in den unesco-projekt-schulen?<br \/>\nDie Sch\u00fcler\/innen der unesco-projekt-schulen sollen &#8230;<br \/>\nA. Menschenrechts- und Friedenserziehung<\/p>\n<p>die Menschenrechte kennen, sie im Alltag respektieren und f\u00fcr ihre Umsetzung konkret einstehen;<br \/>\nKenntnisse \u00fcber Verfahren der individuellen und gesellschaftlichen Konfliktbew\u00e4ltigung haben, um schulinterne Konflikte friedlich zu l\u00f6sen;<br \/>\nnationale und internationale Konflikte auf ihre Ursachen hin untersuchen und Initiativen f\u00fcr internationale zivile Konfliktbeilegung kennen;<br \/>\ndie Menschenrechtssituation in Deutschland kritisch bewerten, eine offene, von Toleranz gepr\u00e4gte Einstellung f\u00fcr unterschiedliche Rechtssysteme entwickeln;<br \/>\ndas gesamte Spektrum der internationalen Vereinbarungen \u00fcber Menschenrechte im Zusammenhang verstehen;<br \/>\nB. Interskulturelle Kompetenz<\/p>\n<p>Interesse f\u00fcr fremde Kulturen entwickeln, andere Kulturen und Lebensweisen achten;<br \/>\nlernen, andere Perspektiven in Zusammenh\u00e4ngen zu erkennen und einzunehmen und Empathie zu entwickeln;<br \/>\nden erweiterten Kulturbegriff der UNESCO verstehen (Kulturpluralismus, Kultur als Tradition und Gestaltungsraum);<br \/>\nRespekt und Toleranz als Grundeinstellung entwickeln;<br \/>\nC. Umwelt<\/p>\n<p>die Umweltprobleme (Luft, Klima, Wasser, Boden, Energie\/Ressourcenverschwendung\/M\u00fcll) verstehen und unseren Lebens- und Wirtschaftsstil mit Umweltproblemen in Verbindung bringen k\u00f6nnen;<br \/>\nVorschl\u00e4ge zu umweltbewusstem Handeln entwickeln und zu ihrer Verwirklichung beitragen;<br \/>\numfassendes Verst\u00e4ndnis von &#8222;nachhaltiger Entwicklung&#8220; (nat\u00fcrliche, kulturelle und soziale Umwelt) entwickeln;<br \/>\nsich umweltbewusst und umweltbewahrend verhalten;<br \/>\nD. Globale Entwicklung<\/p>\n<p>sich als Individuen in einem globalen Zusammenhang sehen und verstehen, dass es nur EINE WELT gibt, in der regionale und weltweite Zusammenh\u00e4nge bestehen;<br \/>\nGlobalisierung in allen Aspekten \u2013 positiven wie negativen \u2013 erfassen und verstehen;<br \/>\nUnterscheidung von Potential und Realit\u00e4t auf mehreren Ebenen wahrnehmen und analysieren: Internationalisierung der Bildung, kultureller Austausch (Massenkultur, Welt-Musik, Erhaltung der kulturellen Vielfalt), Agenda 21, Kommunikation (Meinungsvielfalt, Pluralismus, Massenmedien, Internet), Wirtschaft und Finanzen.<\/p>\n<p>III. Handlungsebenen<br \/>\nWie lernen Sch\u00fcler\/innen in den unesco-projekt-schulen?<br \/>\nDie unesco-projekt-schulen &#8230;<br \/>\nE. \u00d6ffnung und Projektkultur<\/p>\n<p>erm\u00f6glichen ein Lernen unter Einbeziehung<br \/>\n\u2022 neuer Medien,<br \/>\n\u2022 au\u00dferschulischer Lernorte,<br \/>\n\u2022 vielf\u00e4ltiger Personengruppen,<br \/>\n\u2022 f\u00e4cher\u00fcbergreifende Strukturen,<br \/>\n\u2022 des weltweiten Netzwerks des Associated Schools Project der UNESCO;<br \/>\nF. Partizipation<\/p>\n<p>beziehen ALLE an der Gestaltung von Schule beteiligten Gruppen bei Entscheidungen und Ver\u00e4nderungen mit ein;<br \/>\nlernen &#8222;demokratisch handeln&#8220;;<br \/>\nG. Aktion<\/p>\n<p>\u00fcbernehmen Verantwortung;<br \/>\nentwickeln Handlungsstrategien in gesellschaftlichen Problemsituationen;<br \/>\ninitiieren und beteiligen sich an Aktionen zur Bewusstmachung oder L\u00f6sung gesellschaftlicher Probleme;<br \/>\nsetzen sich aktiv f\u00fcr eine &#8222;Kultur des Friedens&#8220; ein durch Impulse in ihrem Stadtteil \/ ihrer Gemeinde \/ ihrer Stadt (Berichterstattung in den Lokalmedien, Anregung, Vorbild).<\/p>\n<p>IV. Handlungskonzepte<br \/>\nDie unesco-projekt-schulen &#8230;<\/p>\n<p>entwickeln ein Schulprogramm unter Einbeziehung der unesco-projekt-schul-Zielgruppen;<br \/>\nbilden ein aktives Netzwerk;<br \/>\nbringen sich aktiv im weltweiten Netzwerk des Associated Schools Projects (ASP) der UNESCO mit eigenen Aktionen, Beteiligungen, Partnerschaften und Diskussionen ein;<br \/>\nverbreiten die UNESCO-Ideen in ihrem lokalen Umfeld.<\/p>\n<p>V. Aufgaben und Ziele<br \/>\nVom Profil zum Programm:<br \/>\nAus den genannten Zielen leiten sich Aufgaben und Verpflichtungen ab. Die Anerkennung einer Schule als unesco-projekt-schule und ihre Einbindung in das inter-\/ nationale Netzwerk bedeutet:<br \/>\n1. Die Schulen entwickeln Schulprogramme, in denen die Ziele und Schwerpunkte der Schule als unesco-projekt-schule verankert sind und nachhaltige, interkulturelle und Netzwerkarbeit verbindlich ist.<br \/>\n2. Lehrer, Eltern, Sch\u00fcler und Ausbildungsbetriebe werden \u00fcber die Arbeit der unesco-projekt-schulen und die Schwerpunkte der eigenen Schule bzw. des Schulprogramms informiert und in die Entwicklung, Durchf\u00fchrung und Evaluation der Arbeit einbezogen.<br \/>\n3. Jede unesco-projekt-schule unterh\u00e4lt aktive Kontakte zu anderen Schulen im UPS- (unesco-projekt-schulen) \/ ASP- (Associated Schools Project) Netzwerk in einem Nord-S\u00fcd-Ost-West-Dialog.<br \/>\n4. Reale oder virtuelle Begegnungen und Kommunikation mit anderen UPS oder ASP-Schulen, aber auch mit Schulen in anderen L\u00e4ndern werden zunehmend \u00fcberfachlich organisiert und erm\u00f6glicht. Reflektierte interkulturelle Begegnungen und Sch\u00fcleraustauschprogramme stehen im Vordergrund.<br \/>\n5. Das au\u00dferschulische Umfeld (z.B. NGOs) einer UPS wird erkundet und in die Arbeit der Schule aktiv einbezogen.<br \/>\n6. Eine \u00f6kologische Gestaltung und Nutzung des Schulgeb\u00e4udes und \u2013gel\u00e4ndes einer UPS wird im Sinne einer Nachhaltigen Entwicklung geplant und realisiert. Ma\u00dfnahmen zur Verringerung des Energieverbrauchs und der Abfallbelastung werden organisiert.<br \/>\n7. Projekte und andere Formen f\u00e4cher\u00fcbergreifenden Arbeitens werden verwirklicht.<br \/>\n8. Das Erlernen elektronischer Kommunikation und deren Nutzung in der schulischen Arbeit wird den Sch\u00fclern und Sch\u00fclerinnen erm\u00f6glicht.<br \/>\n9. An der Schule bzw. in den Ausbildungsbetrieben wird die UPS-Arbeit nach M\u00f6glichkeit gemeinsam von Sch\u00fclern, Lehrern, Eltern organisiert.<br \/>\n10. Regelm\u00e4\u00dfig bringen die Schulen im regionalen, nationalen und\/oder internationalen Netzwerk Initiativen ein und berichten dar\u00fcber.<br \/>\nVI. Verantwortlichkeiten<br \/>\n1. Zur Koordinierung der Arbeit an einer Schule wird ein UPS-Ausschuss eingesetzt, bestehend aus Sch\u00fclern, Lehrern und Eltern.<br \/>\n2. Zu angebotenen Regional- und Jahrestagungen werden Vertreter\/innen der Schulen entsandt, um als Multiplikatoren an der Schule und in der Region zu wirken.<br \/>\n3. Jahresberichte werden f\u00fcr die Deutsche UNESCO-Kommission, die interne Schulentwicklung und f\u00fcr den Gebrauch im Netzwerk verfasst.<br \/>\n4. In jedem Bundesland f\u00f6rdert ein\/e RegionalkoordinatorIn die Kontakte und die Zusammenarbeit der UNESCO-Projekt-Schulen sowie interessierter Bildungseinrichtungen.<br \/>\n5. Dem\/der BundeskordinatorIn obliegen \u00fcberregionale Aufgaben sowie internationale Kontakte.<\/p>\n","protected":false},"excerpt":{"rendered":"<p>&nbsp; Wir sind eine UNESCO-Projekt-Schule UNESCO steht f\u00fcr United Nations Educational, Scientific and Cultural Organization, Deutsch: Organisation der Vereinten Nationen f\u00fcr Bildung, Wissenschaft, Kultur und Kommunikation. Die UNESCO hat 190 Mitgliedstaaten. Sie ist eine rechtlich eigenst\u00e4ndige Sonderorganisationen der Vereinten Nationen &hellip; <a href=\"http:\/\/new.nehru-schule.de\/?page_id=183\">Weiterlesen <span class=\"meta-nav\">&rarr;<\/span><\/a><\/p>\n","protected":false},"author":1,"featured_media":0,"parent":0,"menu_order":0,"comment_status":"closed","ping_status":"closed","template":"","meta":{"ngg_post_thumbnail":0,"footnotes":""},"class_list":["post-183","page","type-page","status-publish","hentry"],"_links":{"self":[{"href":"http:\/\/new.nehru-schule.de\/index.php?rest_route=\/wp\/v2\/pages\/183","targetHints":{"allow":["GET"]}}],"collection":[{"href":"http:\/\/new.nehru-schule.de\/index.php?rest_route=\/wp\/v2\/pages"}],"about":[{"href":"http:\/\/new.nehru-schule.de\/index.php?rest_route=\/wp\/v2\/types\/page"}],"author":[{"embeddable":true,"href":"http:\/\/new.nehru-schule.de\/index.php?rest_route=\/wp\/v2\/users\/1"}],"replies":[{"embeddable":true,"href":"http:\/\/new.nehru-schule.de\/index.php?rest_route=%2Fwp%2Fv2%2Fcomments&post=183"}],"version-history":[{"count":0,"href":"http:\/\/new.nehru-schule.de\/index.php?rest_route=\/wp\/v2\/pages\/183\/revisions"}],"wp:attachment":[{"href":"http:\/\/new.nehru-schule.de\/index.php?rest_route=%2Fwp%2Fv2%2Fmedia&parent=183"}],"curies":[{"name":"wp","href":"https:\/\/api.w.org\/{rel}","templated":true}]}}