{"id":1355,"date":"2015-03-17T10:02:21","date_gmt":"2015-03-17T09:02:21","guid":{"rendered":"http:\/\/new.nehru-schule.de\/?page_id=1355"},"modified":"2017-09-10T19:11:45","modified_gmt":"2017-09-10T18:11:45","slug":"konzeption-unterricht-in-musikalisch-orientierten-klassen","status":"publish","type":"page","link":"http:\/\/new.nehru-schule.de\/?page_id=1355","title":{"rendered":"Unterricht in musikalisch orientierten Klassen"},"content":{"rendered":"<p>Seit dem Schuljahr 2011\/2012 nehmen wir j\u00e4hrlich eine musikalisch orientierte 5.Klasse in Zusammenarbeit mit unserem Kooperationspartner, dem Musikschulzweckverband Kon.centus auf. Die Klasse arbeitet jeweils f\u00fcr 2 Schuljahre zusammen. Die musikalische Leitung jeder Klasse liegt in den H\u00e4nden eines Musiklehrers unserer Schule und eines Mitarbeiters des Musikschulzweckverbandes.<br \/>\nF\u00fcr die Klassenbildung ist eine Mindestzahl von 20 Anmeldungen Voraussetzung. Die Anzahl von 27 Sch\u00fclern sollte nicht \u00fcberschritten werden. Damit haben wir je eine 5. und eine 6. Klasse, die als musikalisch orientierte Klassen das Nehru-Ensemble der Schule bilden, gemeinsam musizieren, ihren Neigungen und Interessen entsprechend gef\u00f6rdert werden und kulturelle H\u00f6hepunkte und Veranstaltungen unterst\u00fctzen.<\/p>\n<p><strong>Hintergrund<\/strong>:<\/p>\n<p>Im Schulalter der Jahrgangsstufen 5\/6 befinden sich die Sch\u00fcler in der Entwicklungsphase der \u201esp\u00e4ten Kindheit\u201c.<br \/>\nDenk- und Verarbeitungsprozesse nehmen eine neue Qualit\u00e4t an. Es erfolgt der \u00dcbergang vom empirischen Denken zum theoretischen, abstrahierenden und metakognitiven Denken. Musik unterst\u00fctzt diese Entwicklung in besonderer Weise.<br \/>\nAu\u00dferdem vollzieht sich eine neue Qualit\u00e4t der sozialen Entwicklung. Bisher gelebte Normen und Werte werden auf den Pr\u00fcfstand gestellt. Das Zugeh\u00f6rigkeitsgef\u00fchl in Gruppen spielt im Rahmen der Abnabelung eine zunehmende Rolle. Aus eigenen Erfahrungen werden neue Wertvorstellungen abgeleitet. Auch diese Entwicklung wollen wir durch das gemeinsame Musizieren unterst\u00fctzen. Soziale Kontakte erm\u00f6glichen den Sch\u00fclern neue Herausforderungen und beeinflussen sie in ihrer Entwicklung der Selbst- und Sozialkompetenz.<br \/>\nBis 2011 waren Sch\u00fcler mit musikalischer Begabung auf 4 bis 5 Klassen verteilt. Es bot sich kaum die Gelegenheit des Miteinander Musizierens. Die Sch\u00fcler kannten einander kaum. Es entstand die Idee, dies zu \u00e4ndern und Raum zu geben, voneinander und miteinander interessengebunden zu lernen. So entstanden die musikalisch orientierten Klassen.<\/p>\n<p><strong>Welche Sch\u00fcler werden aufgenommen?<\/strong><\/p>\n<p>&#8211; Mitglieder des Musikschulzweckverbandes, aber auch<br \/>\n&#8211; Sch\u00fcler, die ein Instrument spielen, jedoch noch nicht in der Musikschule aktiv sind<br \/>\nund<br \/>\n&#8211; Sch\u00fcler mit musikalischer Begabung ohne Mitgliedschaft in der Musikschule, die<br \/>\nPercussion erlernen m\u00f6chten bzw. Freude am Musizieren haben<br \/>\nEs ist keine zus\u00e4tzliche Mitgliedschaft in der Musikschule erforderlich.<br \/>\nMitglieder der Musikschule k\u00f6nnen ihren Unterricht dort fortsetzen und zus\u00e4tzlich in der Klasse musizieren.<\/p>\n<p><strong>Ziel:<\/strong><br \/>\n&#8211; F\u00f6rderung individueller F\u00e4higkeiten im musikalischen Bereich<br \/>\n&#8211; Entwicklung weiterf\u00fchrender theoretischer musikalischer Kenntnisse<br \/>\n&#8211; Geh\u00f6r- und Klangbildung<br \/>\n&#8211; St\u00e4rkung der Sozialkompetenz beim gemeinsamen Musizieren<br \/>\n&#8211; gemeinsames Musizieren der Klasse bzw. von Sch\u00fclergruppen<br \/>\n&#8211; Entstehung eines Nehru-Ensembles mit gemeinsamen Auftritten zu H\u00f6hepunkten und Sch\u00fclerkonzerten<br \/>\n&#8211; Gemeinsamer Besuch von Veranstaltungen zur musikalischen Bildung<\/p>\n<p><strong>Ausstattung:<br \/>\n<\/strong>&#8211; Je 2 Unterrichtsstunden Mu in Kl.5 und 6<br \/>\n&#8211; 1 Ganztagsstunde Mu pro Woche innerhalb des Schulvormittags (6.Stunde)<br \/>\n(Hier werden die Klassen f\u00fcr 60 Minuten in vier Teilgruppen aufgeteilt und dann<br \/>\nwieder zum gemeinsamen Musizieren zusammen gef\u00fchrt<\/p>\n<p><strong>Kosten:<br \/>\n<\/strong>&#8211; 2 Musiklehrer werden als Honorarkr\u00e4fte des Musikschulzweckverbandes durch unseren Schulf\u00f6rderverein mitfinanziert. Je nach Anzahl der Sch\u00fcler kann dies ein Betrag von bis zu ca. 2400,00 \u20ac pro Schuljahr und pro Lehrer (ges. 4800,00 \u20ac) sein.<br \/>\n&#8211; Die Arrangements f\u00fcr das gemeinsame Musizieren m\u00fcssen ebenfalls bezahlt werden. (ca. 500,00 \u20ac pro Schuljahr)<br \/>\n&#8211; Fahrkosten zum gemeinsamen Besuch von Veranstaltungen und H\u00f6hepunkten<br \/>\n&#8211; Anschaffung von Instrumenten und Zusatzmaterial wie Notenst\u00e4nder usw.<\/p>\n<p><strong>Finanzierung:<br \/>\n<\/strong>&#8211; durch den Schulf\u00f6rderverein, der auf Sponsoren und Spendengelder angewiesen ist<br \/>\n&#8211; Sponsoren<br \/>\n&#8211; Elternanteil bei Veranstaltungsbesuchen wie z.B. Konzertbesuche, Musicals,\u2026und Einnahmen bei Konzerten<br \/>\n&#8211; Wir bitten die Eltern der aufgenommenen Sch\u00fcler um eine Spende f\u00fcr den Verein, d\u00fcrfen eine Beschulung in dieser Klasse davon jedoch nicht abh\u00e4ngig machen.<\/p>\n<p>Carmen H\u00fcbner<br \/>\n&#8211; Schulleiterin-<\/p>\n","protected":false},"excerpt":{"rendered":"<p>Seit dem Schuljahr 2011\/2012 nehmen wir j\u00e4hrlich eine musikalisch orientierte 5.Klasse in Zusammenarbeit mit unserem Kooperationspartner, dem Musikschulzweckverband Kon.centus auf. Die Klasse arbeitet jeweils f\u00fcr 2 Schuljahre zusammen. Die musikalische Leitung jeder Klasse liegt in den H\u00e4nden eines Musiklehrers unserer &hellip; <a href=\"http:\/\/new.nehru-schule.de\/?page_id=1355\">Weiterlesen <span class=\"meta-nav\">&rarr;<\/span><\/a><\/p>\n","protected":false},"author":1,"featured_media":0,"parent":0,"menu_order":0,"comment_status":"closed","ping_status":"closed","template":"","meta":{"ngg_post_thumbnail":0,"footnotes":""},"class_list":["post-1355","page","type-page","status-publish","hentry"],"_links":{"self":[{"href":"http:\/\/new.nehru-schule.de\/index.php?rest_route=\/wp\/v2\/pages\/1355","targetHints":{"allow":["GET"]}}],"collection":[{"href":"http:\/\/new.nehru-schule.de\/index.php?rest_route=\/wp\/v2\/pages"}],"about":[{"href":"http:\/\/new.nehru-schule.de\/index.php?rest_route=\/wp\/v2\/types\/page"}],"author":[{"embeddable":true,"href":"http:\/\/new.nehru-schule.de\/index.php?rest_route=\/wp\/v2\/users\/1"}],"replies":[{"embeddable":true,"href":"http:\/\/new.nehru-schule.de\/index.php?rest_route=%2Fwp%2Fv2%2Fcomments&post=1355"}],"version-history":[{"count":0,"href":"http:\/\/new.nehru-schule.de\/index.php?rest_route=\/wp\/v2\/pages\/1355\/revisions"}],"wp:attachment":[{"href":"http:\/\/new.nehru-schule.de\/index.php?rest_route=%2Fwp%2Fv2%2Fmedia&parent=1355"}],"curies":[{"name":"wp","href":"https:\/\/api.w.org\/{rel}","templated":true}]}}